{"id":3124,"date":"2024-12-27T20:48:37","date_gmt":"2024-12-27T19:48:37","guid":{"rendered":"https:\/\/artguixe.com\/qui-som\/"},"modified":"2025-02-08T20:51:44","modified_gmt":"2025-02-08T19:51:44","slug":"qui-som","status":"publish","type":"page","link":"https:\/\/artguixe.com\/fr\/qui-som\/","title":{"rendered":"\u00c0 propos de nous"},"content":{"rendered":"<div class=\"fusion-fullwidth fullwidth-box fusion-builder-row-1 fusion-flex-container has-pattern-background has-mask-background nonhundred-percent-fullwidth non-hundred-percent-height-scrolling\" style=\"--awb-border-radius-top-left:0px;--awb-border-radius-top-right:0px;--awb-border-radius-bottom-right:0px;--awb-border-radius-bottom-left:0px;--awb-flex-wrap:wrap;\" ><div class=\"fusion-builder-row fusion-row fusion-flex-align-items-flex-start fusion-flex-content-wrap\" style=\"max-width:1996.8px;margin-left: calc(-4% \/ 2 );margin-right: calc(-4% \/ 2 );\"><div class=\"fusion-layout-column fusion_builder_column fusion-builder-column-0 fusion_builder_column_1_1 1_1 fusion-flex-column\" style=\"--awb-bg-size:cover;--awb-width-large:100%;--awb-margin-top-large:0px;--awb-spacing-right-large:1.92%;--awb-margin-bottom-large:20px;--awb-spacing-left-large:1.92%;--awb-width-medium:100%;--awb-order-medium:0;--awb-spacing-right-medium:1.92%;--awb-spacing-left-medium:1.92%;--awb-width-small:100%;--awb-order-small:0;--awb-spacing-right-small:1.92%;--awb-spacing-left-small:1.92%;\"><div class=\"fusion-column-wrapper fusion-column-has-shadow fusion-flex-justify-content-flex-start fusion-content-layout-column\"><div class=\"fusion-text fusion-text-1\" style=\"--awb-content-alignment:justify;--awb-margin-top:60px;--awb-text-font-family:&quot;Montserrat&quot;;--awb-text-font-style:normal;--awb-text-font-weight:400;\"><p>Artguixe est un espace num\u00e9rique d\u00e9di\u00e9 \u00e0 l\u2019\u0153uvre et \u00e0 la carri\u00e8re de la peintre contemporaine Pepa Curriu. En tant que repr\u00e9sentants de l\u2019artiste, notre mission est de connecter son talent avec les amateurs d\u2019art, les collectionneurs et les professionnels du secteur, en offrant une fen\u00eatre unique sur son univers cr\u00e9atif. D\u00e9couvrez ses \u0153uvres, explorez ses projets r\u00e9cents et plongez dans la puissance visuelle d\u2019un art qui red\u00e9finit les perspectives et \u00e9veille l\u2019inspiration. Cette plateforme est le point de rencontre parfait pour d\u00e9couvrir et appr\u00e9cier l\u2019essence d\u2019une artiste qui d\u00e9passe les limites et embrasse la modernit\u00e9.<\/p>\n<\/div><div class=\"fusion-image-element \" style=\"text-align:center;--awb-caption-title-font-family:var(--h2_typography-font-family);--awb-caption-title-font-weight:var(--h2_typography-font-weight);--awb-caption-title-font-style:var(--h2_typography-font-style);--awb-caption-title-size:var(--h2_typography-font-size);--awb-caption-title-transform:var(--h2_typography-text-transform);--awb-caption-title-line-height:var(--h2_typography-line-height);--awb-caption-title-letter-spacing:var(--h2_typography-letter-spacing);\"><span class=\" fusion-imageframe imageframe-none imageframe-1 hover-type-none\"><img decoding=\"async\" width=\"1200\" height=\"405\" title=\"ART\" src=\"https:\/\/artguixe.com\/wp-content\/uploads\/2025\/02\/ART-1200x405.png\" alt class=\"img-responsive wp-image-3173\" srcset=\"https:\/\/artguixe.com\/wp-content\/uploads\/2025\/02\/ART-200x67.png 200w, https:\/\/artguixe.com\/wp-content\/uploads\/2025\/02\/ART-400x135.png 400w, https:\/\/artguixe.com\/wp-content\/uploads\/2025\/02\/ART-600x202.png 600w, https:\/\/artguixe.com\/wp-content\/uploads\/2025\/02\/ART-800x270.png 800w, https:\/\/artguixe.com\/wp-content\/uploads\/2025\/02\/ART-1200x405.png 1200w, https:\/\/artguixe.com\/wp-content\/uploads\/2025\/02\/ART.png 1845w\" sizes=\"(max-width: 1024px) 100vw, (max-width: 640px) 100vw, 1200px\" \/><\/span><\/div><\/div><\/div><\/div><\/div>\n","protected":false},"excerpt":{"rendered":"","protected":false},"author":3,"featured_media":0,"parent":0,"menu_order":0,"comment_status":"closed","ping_status":"closed","template":"","meta":{"footnotes":""},"class_list":["post-3124","page","type-page","status-publish","hentry"],"yoast_head":"<!-- This site is optimized with the Yoast SEO plugin v26.6 - https:\/\/yoast.com\/wordpress\/plugins\/seo\/ -->\n<title>\u00c0 propos de nous - Art Guixe Barcelona Representants d&#039;Art<\/title>\n<meta name=\"description\" content=\"Artguixe est un espace num\u00e9rique d\u00e9di\u00e9 \u00e0 l\u2019\u0153uvre et \u00e0 la carri\u00e8re de la peintre contemporaine Pepa Curriu.\" \/>\n<meta name=\"robots\" content=\"index, follow, max-snippet:-1, max-image-preview:large, max-video-preview:-1\" \/>\n<link rel=\"canonical\" href=\"https:\/\/artguixe.com\/fr\/qui-som\/\" \/>\n<meta property=\"og:locale\" content=\"fr_FR\" \/>\n<meta property=\"og:type\" content=\"article\" \/>\n<meta property=\"og:title\" content=\"\u00c0 propos de nous - Art Guixe Barcelona Representants d&#039;Art\" \/>\n<meta property=\"og:description\" content=\"Artguixe est un espace num\u00e9rique d\u00e9di\u00e9 \u00e0 l\u2019\u0153uvre et \u00e0 la carri\u00e8re de la peintre contemporaine Pepa Curriu.\" \/>\n<meta property=\"og:url\" content=\"https:\/\/artguixe.com\/fr\/qui-som\/\" \/>\n<meta property=\"og:site_name\" content=\"Art Guixe Barcelona Representants d&#039;Art\" \/>\n<meta property=\"article:modified_time\" content=\"2025-02-08T19:51:44+00:00\" \/>\n<meta name=\"twitter:card\" content=\"summary_large_image\" \/>\n<meta name=\"twitter:label1\" content=\"Dur\u00e9e de lecture estim\u00e9e\" \/>\n\t<meta name=\"twitter:data1\" content=\"1 minute\" \/>\n<script type=\"application\/ld+json\" class=\"yoast-schema-graph\">{\"@context\":\"https:\/\/schema.org\",\"@graph\":[{\"@type\":\"WebPage\",\"@id\":\"https:\/\/artguixe.com\/fr\/qui-som\/\",\"url\":\"https:\/\/artguixe.com\/fr\/qui-som\/\",\"name\":\"\u00c0 propos de nous - Art Guixe Barcelona Representants d&#039;Art\",\"isPartOf\":{\"@id\":\"https:\/\/artguixe.com\/#website\"},\"datePublished\":\"2024-12-27T19:48:37+00:00\",\"dateModified\":\"2025-02-08T19:51:44+00:00\",\"description\":\"Artguixe est un espace num\u00e9rique d\u00e9di\u00e9 \u00e0 l\u2019\u0153uvre et \u00e0 la carri\u00e8re de la peintre contemporaine Pepa Curriu.\",\"breadcrumb\":{\"@id\":\"https:\/\/artguixe.com\/fr\/qui-som\/#breadcrumb\"},\"inLanguage\":\"fr-FR\",\"potentialAction\":[{\"@type\":\"ReadAction\",\"target\":[\"https:\/\/artguixe.com\/fr\/qui-som\/\"]}]},{\"@type\":\"BreadcrumbList\",\"@id\":\"https:\/\/artguixe.com\/fr\/qui-som\/#breadcrumb\",\"itemListElement\":[{\"@type\":\"ListItem\",\"position\":1,\"name\":\"Inici\",\"item\":\"https:\/\/artguixe.com\/fr\/\"},{\"@type\":\"ListItem\",\"position\":2,\"name\":\"\u00c0 propos de nous\"}]},{\"@type\":\"WebSite\",\"@id\":\"https:\/\/artguixe.com\/#website\",\"url\":\"https:\/\/artguixe.com\/\",\"name\":\"Art Guixe Barcelona Representants d&#039;Art\",\"description\":\"Pintura contempor\u00e0nia heterog\u00e8nia\",\"publisher\":{\"@id\":\"https:\/\/artguixe.com\/#organization\"},\"potentialAction\":[{\"@type\":\"SearchAction\",\"target\":{\"@type\":\"EntryPoint\",\"urlTemplate\":\"https:\/\/artguixe.com\/?s={search_term_string}\"},\"query-input\":{\"@type\":\"PropertyValueSpecification\",\"valueRequired\":true,\"valueName\":\"search_term_string\"}}],\"inLanguage\":\"fr-FR\"},{\"@type\":\"Organization\",\"@id\":\"https:\/\/artguixe.com\/#organization\",\"name\":\"Art Guix\u00e9\",\"url\":\"https:\/\/artguixe.com\/\",\"logo\":{\"@type\":\"ImageObject\",\"inLanguage\":\"fr-FR\",\"@id\":\"https:\/\/artguixe.com\/#\/schema\/logo\/image\/\",\"url\":\"https:\/\/artguixe.com\/wp-content\/uploads\/2017\/06\/Logo-ArtGixe2.png\",\"contentUrl\":\"https:\/\/artguixe.com\/wp-content\/uploads\/2017\/06\/Logo-ArtGixe2.png\",\"width\":241,\"height\":65,\"caption\":\"Art Guix\u00e9\"},\"image\":{\"@id\":\"https:\/\/artguixe.com\/#\/schema\/logo\/image\/\"}}]}<\/script>\n<!-- \/ Yoast SEO plugin. -->","yoast_head_json":{"title":"\u00c0 propos de nous - Art Guixe Barcelona Representants d&#039;Art","description":"Artguixe est un espace num\u00e9rique d\u00e9di\u00e9 \u00e0 l\u2019\u0153uvre et \u00e0 la carri\u00e8re de la peintre contemporaine Pepa Curriu.","robots":{"index":"index","follow":"follow","max-snippet":"max-snippet:-1","max-image-preview":"max-image-preview:large","max-video-preview":"max-video-preview:-1"},"canonical":"https:\/\/artguixe.com\/fr\/qui-som\/","og_locale":"fr_FR","og_type":"article","og_title":"\u00c0 propos de nous - Art Guixe Barcelona Representants d&#039;Art","og_description":"Artguixe est un espace num\u00e9rique d\u00e9di\u00e9 \u00e0 l\u2019\u0153uvre et \u00e0 la carri\u00e8re de la peintre contemporaine Pepa Curriu.","og_url":"https:\/\/artguixe.com\/fr\/qui-som\/","og_site_name":"Art Guixe Barcelona Representants d&#039;Art","article_modified_time":"2025-02-08T19:51:44+00:00","twitter_card":"summary_large_image","twitter_misc":{"Dur\u00e9e de lecture estim\u00e9e":"1 minute"},"schema":{"@context":"https:\/\/schema.org","@graph":[{"@type":"WebPage","@id":"https:\/\/artguixe.com\/fr\/qui-som\/","url":"https:\/\/artguixe.com\/fr\/qui-som\/","name":"\u00c0 propos de nous - Art Guixe Barcelona Representants d&#039;Art","isPartOf":{"@id":"https:\/\/artguixe.com\/#website"},"datePublished":"2024-12-27T19:48:37+00:00","dateModified":"2025-02-08T19:51:44+00:00","description":"Artguixe est un espace num\u00e9rique d\u00e9di\u00e9 \u00e0 l\u2019\u0153uvre et \u00e0 la carri\u00e8re de la peintre contemporaine Pepa Curriu.","breadcrumb":{"@id":"https:\/\/artguixe.com\/fr\/qui-som\/#breadcrumb"},"inLanguage":"fr-FR","potentialAction":[{"@type":"ReadAction","target":["https:\/\/artguixe.com\/fr\/qui-som\/"]}]},{"@type":"BreadcrumbList","@id":"https:\/\/artguixe.com\/fr\/qui-som\/#breadcrumb","itemListElement":[{"@type":"ListItem","position":1,"name":"Inici","item":"https:\/\/artguixe.com\/fr\/"},{"@type":"ListItem","position":2,"name":"\u00c0 propos de nous"}]},{"@type":"WebSite","@id":"https:\/\/artguixe.com\/#website","url":"https:\/\/artguixe.com\/","name":"Art Guixe Barcelona Representants d&#039;Art","description":"Pintura contempor\u00e0nia heterog\u00e8nia","publisher":{"@id":"https:\/\/artguixe.com\/#organization"},"potentialAction":[{"@type":"SearchAction","target":{"@type":"EntryPoint","urlTemplate":"https:\/\/artguixe.com\/?s={search_term_string}"},"query-input":{"@type":"PropertyValueSpecification","valueRequired":true,"valueName":"search_term_string"}}],"inLanguage":"fr-FR"},{"@type":"Organization","@id":"https:\/\/artguixe.com\/#organization","name":"Art Guix\u00e9","url":"https:\/\/artguixe.com\/","logo":{"@type":"ImageObject","inLanguage":"fr-FR","@id":"https:\/\/artguixe.com\/#\/schema\/logo\/image\/","url":"https:\/\/artguixe.com\/wp-content\/uploads\/2017\/06\/Logo-ArtGixe2.png","contentUrl":"https:\/\/artguixe.com\/wp-content\/uploads\/2017\/06\/Logo-ArtGixe2.png","width":241,"height":65,"caption":"Art Guix\u00e9"},"image":{"@id":"https:\/\/artguixe.com\/#\/schema\/logo\/image\/"}}]}},"_links":{"self":[{"href":"https:\/\/artguixe.com\/fr\/wp-json\/wp\/v2\/pages\/3124","targetHints":{"allow":["GET"]}}],"collection":[{"href":"https:\/\/artguixe.com\/fr\/wp-json\/wp\/v2\/pages"}],"about":[{"href":"https:\/\/artguixe.com\/fr\/wp-json\/wp\/v2\/types\/page"}],"author":[{"embeddable":true,"href":"https:\/\/artguixe.com\/fr\/wp-json\/wp\/v2\/users\/3"}],"replies":[{"embeddable":true,"href":"https:\/\/artguixe.com\/fr\/wp-json\/wp\/v2\/comments?post=3124"}],"version-history":[{"count":4,"href":"https:\/\/artguixe.com\/fr\/wp-json\/wp\/v2\/pages\/3124\/revisions"}],"predecessor-version":[{"id":3181,"href":"https:\/\/artguixe.com\/fr\/wp-json\/wp\/v2\/pages\/3124\/revisions\/3181"}],"wp:attachment":[{"href":"https:\/\/artguixe.com\/fr\/wp-json\/wp\/v2\/media?parent=3124"}],"curies":[{"name":"wp","href":"https:\/\/api.w.org\/{rel}","templated":true}]}}