{"id":1288,"date":"2017-06-03T12:00:52","date_gmt":"2017-06-03T10:00:52","guid":{"rendered":"http:\/\/artguixe.com\/\/?page_id=1288\/"},"modified":"2017-06-12T17:39:36","modified_gmt":"2017-06-12T15:39:36","slug":"confidentialite","status":"publish","type":"page","link":"https:\/\/artguixe.com\/fr\/confidentialite\/","title":{"rendered":"Confidentialit\u00e9"},"content":{"rendered":"<div class=\"fusion-fullwidth fullwidth-box fusion-builder-row-1 nonhundred-percent-fullwidth non-hundred-percent-height-scrolling\" style=\"--awb-border-radius-top-left:0px;--awb-border-radius-top-right:0px;--awb-border-radius-bottom-right:0px;--awb-border-radius-bottom-left:0px;--awb-flex-wrap:wrap;\" ><div class=\"fusion-builder-row fusion-row\"><div class=\"fusion-layout-column fusion_builder_column fusion-builder-column-0 fusion_builder_column_1_1 1_1 fusion-one-full fusion-column-first fusion-column-last\" style=\"--awb-bg-size:cover;--awb-margin-bottom:0px;\"><div class=\"fusion-column-wrapper fusion-flex-column-wrapper-legacy\"><div class=\"fusion-text fusion-text-1\"><h1>Politique de confidentialit\u00e9<\/h1>\n<\/div><div class=\"fusion-text fusion-text-2\"><ol>\n<li>\n<h3>ARTGUIX\u00c9 VAT n\u00ba ES46628294-A, domicili\u00e9e Rue Sant Antoni, 24 08172 Sant Cugat del Vall\u00e8s, Barcelone (Espagne), propri\u00e9taire du site web\u00a0<a href=\"http:\/\/www.artguixe.com\/\">http:\/\/www.artguixe.com<\/a>et de la base de donn\u00e9es personnelles g\u00e9n\u00e9r\u00e9e par les donn\u00e9es fournies par ses utilisateurs<\/h3>\n<\/li>\n<\/ol>\n<\/div><div class=\"fusion-text fusion-text-3\"><ol start=\"2\">\n<li>\n<h3>Selon la Loi espagnole 15\/1999 du 13 d\u00e9cembre, de Protection de donn\u00e9es de car\u00e1cter personnel et avec son R\u00e8glement de d\u00e9veloppement approuv\u00e9 par le D\u00e9cret Royal 1720\/2007 du 21 d\u00e9cembre, les donn\u00e9es personnelles facilit\u00e9es par les utilisateurs sont incorpor\u00e9es dans le fichier automatique correspondant et d\u00fbment inscrit dont le seul responsable est ARGUIX\u00c9 et sa finalit\u00e9 est la gestion adequate des services propres offerts par ARGUIX\u00c9 et son site web.<\/h3>\n<\/li>\n<\/ol>\n<\/div><div class=\"fusion-text fusion-text-4\"><ol start=\"3\">\n<li>\n<h3>L\u2019utilisateur doit sp\u00e9cifier obligatoirement dans chaque cas qu\u2019il accepte librement que ses donn\u00e9es personnelles soient trait\u00e9es par ARGUIX\u00e9 uniquement \u00e0 des fins pour lesquelles elles ont \u00e9t\u00e9 facilit\u00e9es et garantie que ces donn\u00e9es personnelles sont v\u00e9ridiques et assume l\u2019obligation de communiquer une modification, donnant droit \u00e0 ARGUIX\u00c9, en fonction de son utilit\u00e9 pour les fins requises, les annuler, les effacer ou les bloquer. Nos cookies am\u00e9liorent l\u2019acc\u00e8s \u00e0 notre site et identifient les visiteurs r\u00e9guliers. En outre, nos cookies am\u00e9liorent l\u2019exp\u00e9rience d\u2019utilisateur gr\u00e2ce au suivi et au ciblage de ses int\u00e9r\u00eats. Cependant, cette utilisation des cookies n\u2019est en aucune fa\u00e7on li\u00e9e \u00e0 des informations personnelles identifiables sur notre site.<\/h3>\n<\/li>\n<\/ol>\n<\/div><div class=\"fusion-text fusion-text-5\"><ol start=\"4\">\n<li>\n<h3>ARTGUIX\u00c9 garantie que le serveur qui traite les donn\u00e9es personnelles r\u00e9unie les mesures de s\u00e9curit\u00e9 qui \u00e9vite toute perte ou acc\u00e8s non autoris\u00e9. Pouvant inclure que ARGUIX\u00c9 puisse demander \u00e0 ses utilisateurs les mots de passe d\u2019acc\u00e8s.<\/h3>\n<\/li>\n<\/ol>\n<\/div><div class=\"fusion-text fusion-text-6\"><ol start=\"5\">\n<li>\n<h3>Les serveurs du site web re\u00e7oivent et enregistrent automatiquement des informations \u00e0 partir de votre ordinateur et navigateur, y compris votre adresse IP, vos logiciels et votre mat\u00e9riel, et la page que vous demandez.. Toute cette infromation est enregistr\u00e9e dans un fichier d\u2019activit\u00e9s du serveur d\u00fbment inscrit qui permet \u00e0 post\u00e9riori le traitement des informations dans l\u2019unique but d\u2019obtenir exclusivement des statistiques qui nous permettent de conna\u00eetre le nombre d\u2019impressions de pages, de visites r\u00e9alis\u00e9es aux services web, acc\u00e8s, etc\u2026<\/h3>\n<h3>ARGUIX\u00c9 peut utiliser les cookies lorsqu\u2019un utilisateur navigue sur le site web. Reste \u00e0 la volont\u00e9 de l\u2019utilisateur de configurer son navigateur pour recevoir un avis de r\u00e9ception et\/ou d\u2019installation de cookies dans son ordinateur.<\/h3>\n<\/li>\n<\/ol>\n<\/div><div class=\"fusion-text fusion-text-7\"><ol start=\"6\">\n<li>\n<h3>ARGUIX\u00c9 est l\u2019unique propri\u00e9taire des informations recueillies sur son site et garantie que les informations personnelles ne seront pas vendues, \u00e9chang\u00e9es, transf\u00e9r\u00e9es, ou donn\u00e9es \u00e0 une autre soci\u00e9t\u00e9 pour n\u2019importe quel raison, sans votre consentement, en dehors de ce qui est n\u00e9cessaire pour r\u00e9pondre \u00e0 une demande.<\/h3>\n<\/li>\n<\/ol>\n<\/div><div class=\"fusion-text fusion-text-8\"><ol start=\"7\">\n<li>\n<h3>Les utilisateurs peuvent \u00e0 tout moment r\u00e9silier leur acc\u00e8s, faire opposition ou rectification de leurs donn\u00e9es personelles conform\u00e9ment aux articles 15 \u00e0 17 de la LOPD, droits qu\u2019ils peuvent exercer gratuitement sous demande expresse en joignant une copie de leur carte d\u2019identit\u00e9 par courrier postal ordinaire \u00e0 ARTGUIX\u00c9 08172-Sant Cugat del Valles, calle Sant Antoni,\u00a0 24. Ou par e-mail \u00e0 : <a href=\"mailto:info@artguixe.com\">info@artguixe.com<\/a><\/h3>\n<\/li>\n<\/ol>\n<\/div><div class=\"fusion-clearfix\"><\/div><\/div><\/div><\/div><\/div>\n","protected":false},"excerpt":{"rendered":"","protected":false},"author":1,"featured_media":0,"parent":0,"menu_order":0,"comment_status":"closed","ping_status":"closed","template":"","meta":{"footnotes":""},"class_list":["post-1288","page","type-page","status-publish","hentry"],"yoast_head":"<!-- This site is optimized with the Yoast SEO plugin v26.6 - https:\/\/yoast.com\/wordpress\/plugins\/seo\/ -->\n<title>Confidentialit\u00e9 - Art Guixe Barcelona Representants d&#039;Art<\/title>\n<meta name=\"robots\" content=\"index, follow, max-snippet:-1, max-image-preview:large, max-video-preview:-1\" \/>\n<link rel=\"canonical\" href=\"https:\/\/artguixe.com\/fr\/confidentialite\/\" \/>\n<meta property=\"og:locale\" content=\"fr_FR\" \/>\n<meta property=\"og:type\" content=\"article\" \/>\n<meta property=\"og:title\" content=\"Confidentialit\u00e9 - Art Guixe Barcelona Representants d&#039;Art\" \/>\n<meta property=\"og:url\" content=\"https:\/\/artguixe.com\/fr\/confidentialite\/\" \/>\n<meta property=\"og:site_name\" content=\"Art Guixe Barcelona Representants d&#039;Art\" \/>\n<meta property=\"article:modified_time\" content=\"2017-06-12T15:39:36+00:00\" \/>\n<meta name=\"twitter:card\" content=\"summary_large_image\" \/>\n<meta name=\"twitter:label1\" content=\"Dur\u00e9e de lecture estim\u00e9e\" \/>\n\t<meta name=\"twitter:data1\" content=\"4 minutes\" \/>\n<script type=\"application\/ld+json\" class=\"yoast-schema-graph\">{\"@context\":\"https:\/\/schema.org\",\"@graph\":[{\"@type\":\"WebPage\",\"@id\":\"https:\/\/artguixe.com\/fr\/confidentialite\/\",\"url\":\"https:\/\/artguixe.com\/fr\/confidentialite\/\",\"name\":\"Confidentialit\u00e9 - Art Guixe Barcelona Representants d&#039;Art\",\"isPartOf\":{\"@id\":\"https:\/\/artguixe.com\/#website\"},\"datePublished\":\"2017-06-03T10:00:52+00:00\",\"dateModified\":\"2017-06-12T15:39:36+00:00\",\"breadcrumb\":{\"@id\":\"https:\/\/artguixe.com\/fr\/confidentialite\/#breadcrumb\"},\"inLanguage\":\"fr-FR\",\"potentialAction\":[{\"@type\":\"ReadAction\",\"target\":[\"https:\/\/artguixe.com\/fr\/confidentialite\/\"]}]},{\"@type\":\"BreadcrumbList\",\"@id\":\"https:\/\/artguixe.com\/fr\/confidentialite\/#breadcrumb\",\"itemListElement\":[{\"@type\":\"ListItem\",\"position\":1,\"name\":\"Inici\",\"item\":\"https:\/\/artguixe.com\/fr\/\"},{\"@type\":\"ListItem\",\"position\":2,\"name\":\"Confidentialit\u00e9\"}]},{\"@type\":\"WebSite\",\"@id\":\"https:\/\/artguixe.com\/#website\",\"url\":\"https:\/\/artguixe.com\/\",\"name\":\"Art Guixe Barcelona Representants d&#039;Art\",\"description\":\"Pintura contempor\u00e0nia heterog\u00e8nia\",\"publisher\":{\"@id\":\"https:\/\/artguixe.com\/#organization\"},\"potentialAction\":[{\"@type\":\"SearchAction\",\"target\":{\"@type\":\"EntryPoint\",\"urlTemplate\":\"https:\/\/artguixe.com\/?s={search_term_string}\"},\"query-input\":{\"@type\":\"PropertyValueSpecification\",\"valueRequired\":true,\"valueName\":\"search_term_string\"}}],\"inLanguage\":\"fr-FR\"},{\"@type\":\"Organization\",\"@id\":\"https:\/\/artguixe.com\/#organization\",\"name\":\"Art Guix\u00e9\",\"url\":\"https:\/\/artguixe.com\/\",\"logo\":{\"@type\":\"ImageObject\",\"inLanguage\":\"fr-FR\",\"@id\":\"https:\/\/artguixe.com\/#\/schema\/logo\/image\/\",\"url\":\"https:\/\/artguixe.com\/wp-content\/uploads\/2017\/06\/Logo-ArtGixe2.png\",\"contentUrl\":\"https:\/\/artguixe.com\/wp-content\/uploads\/2017\/06\/Logo-ArtGixe2.png\",\"width\":241,\"height\":65,\"caption\":\"Art Guix\u00e9\"},\"image\":{\"@id\":\"https:\/\/artguixe.com\/#\/schema\/logo\/image\/\"}}]}<\/script>\n<!-- \/ Yoast SEO plugin. -->","yoast_head_json":{"title":"Confidentialit\u00e9 - Art Guixe Barcelona Representants d&#039;Art","robots":{"index":"index","follow":"follow","max-snippet":"max-snippet:-1","max-image-preview":"max-image-preview:large","max-video-preview":"max-video-preview:-1"},"canonical":"https:\/\/artguixe.com\/fr\/confidentialite\/","og_locale":"fr_FR","og_type":"article","og_title":"Confidentialit\u00e9 - Art Guixe Barcelona Representants d&#039;Art","og_url":"https:\/\/artguixe.com\/fr\/confidentialite\/","og_site_name":"Art Guixe Barcelona Representants d&#039;Art","article_modified_time":"2017-06-12T15:39:36+00:00","twitter_card":"summary_large_image","twitter_misc":{"Dur\u00e9e de lecture estim\u00e9e":"4 minutes"},"schema":{"@context":"https:\/\/schema.org","@graph":[{"@type":"WebPage","@id":"https:\/\/artguixe.com\/fr\/confidentialite\/","url":"https:\/\/artguixe.com\/fr\/confidentialite\/","name":"Confidentialit\u00e9 - Art Guixe Barcelona Representants d&#039;Art","isPartOf":{"@id":"https:\/\/artguixe.com\/#website"},"datePublished":"2017-06-03T10:00:52+00:00","dateModified":"2017-06-12T15:39:36+00:00","breadcrumb":{"@id":"https:\/\/artguixe.com\/fr\/confidentialite\/#breadcrumb"},"inLanguage":"fr-FR","potentialAction":[{"@type":"ReadAction","target":["https:\/\/artguixe.com\/fr\/confidentialite\/"]}]},{"@type":"BreadcrumbList","@id":"https:\/\/artguixe.com\/fr\/confidentialite\/#breadcrumb","itemListElement":[{"@type":"ListItem","position":1,"name":"Inici","item":"https:\/\/artguixe.com\/fr\/"},{"@type":"ListItem","position":2,"name":"Confidentialit\u00e9"}]},{"@type":"WebSite","@id":"https:\/\/artguixe.com\/#website","url":"https:\/\/artguixe.com\/","name":"Art Guixe Barcelona Representants d&#039;Art","description":"Pintura contempor\u00e0nia heterog\u00e8nia","publisher":{"@id":"https:\/\/artguixe.com\/#organization"},"potentialAction":[{"@type":"SearchAction","target":{"@type":"EntryPoint","urlTemplate":"https:\/\/artguixe.com\/?s={search_term_string}"},"query-input":{"@type":"PropertyValueSpecification","valueRequired":true,"valueName":"search_term_string"}}],"inLanguage":"fr-FR"},{"@type":"Organization","@id":"https:\/\/artguixe.com\/#organization","name":"Art Guix\u00e9","url":"https:\/\/artguixe.com\/","logo":{"@type":"ImageObject","inLanguage":"fr-FR","@id":"https:\/\/artguixe.com\/#\/schema\/logo\/image\/","url":"https:\/\/artguixe.com\/wp-content\/uploads\/2017\/06\/Logo-ArtGixe2.png","contentUrl":"https:\/\/artguixe.com\/wp-content\/uploads\/2017\/06\/Logo-ArtGixe2.png","width":241,"height":65,"caption":"Art Guix\u00e9"},"image":{"@id":"https:\/\/artguixe.com\/#\/schema\/logo\/image\/"}}]}},"_links":{"self":[{"href":"https:\/\/artguixe.com\/fr\/wp-json\/wp\/v2\/pages\/1288","targetHints":{"allow":["GET"]}}],"collection":[{"href":"https:\/\/artguixe.com\/fr\/wp-json\/wp\/v2\/pages"}],"about":[{"href":"https:\/\/artguixe.com\/fr\/wp-json\/wp\/v2\/types\/page"}],"author":[{"embeddable":true,"href":"https:\/\/artguixe.com\/fr\/wp-json\/wp\/v2\/users\/1"}],"replies":[{"embeddable":true,"href":"https:\/\/artguixe.com\/fr\/wp-json\/wp\/v2\/comments?post=1288"}],"version-history":[{"count":9,"href":"https:\/\/artguixe.com\/fr\/wp-json\/wp\/v2\/pages\/1288\/revisions"}],"predecessor-version":[{"id":1412,"href":"https:\/\/artguixe.com\/fr\/wp-json\/wp\/v2\/pages\/1288\/revisions\/1412"}],"wp:attachment":[{"href":"https:\/\/artguixe.com\/fr\/wp-json\/wp\/v2\/media?parent=1288"}],"curies":[{"name":"wp","href":"https:\/\/api.w.org\/{rel}","templated":true}]}}