{"id":1168,"date":"2017-03-31T21:03:25","date_gmt":"2017-03-31T19:03:25","guid":{"rendered":"http:\/\/artguixe.com\/\/?page_id=1168\/"},"modified":"2024-10-18T18:00:44","modified_gmt":"2024-10-18T16:00:44","slug":"chemin","status":"publish","type":"page","link":"https:\/\/artguixe.com\/fr\/chemin\/","title":{"rendered":"Pepa Curriu"},"content":{"rendered":"<div class=\"fusion-fullwidth fullwidth-box fusion-builder-row-1 nonhundred-percent-fullwidth non-hundred-percent-height-scrolling\" style=\"--awb-border-radius-top-left:0px;--awb-border-radius-top-right:0px;--awb-border-radius-bottom-right:0px;--awb-border-radius-bottom-left:0px;--awb-flex-wrap:wrap;\" ><div class=\"fusion-builder-row fusion-row\"><div class=\"fusion-layout-column fusion_builder_column fusion-builder-column-0 fusion_builder_column_1_1 1_1 fusion-one-full fusion-column-first fusion-column-last\" style=\"--awb-bg-size:cover;\"><div class=\"fusion-column-wrapper fusion-flex-column-wrapper-legacy\"><div class=\"fusion-text fusion-text-1\"><h3><strong>Pepa Curriu<\/strong> est dipl\u00f4m\u00e9e en Pinture \u00e0 l\u00b4\u00c9cole Sup\u00e9rieure d\u00b4Art et Design de Barcelona, \u201c La Llotja\u201d. Elle a fait plusieures expositions individuelles et collectives, elle \u00e0 \u00e9t\u00e9 professeure de dessin et de pinture et surtout, elle a explor\u00e9 nombreuses et diff\u00e9rentes techniques picturales.<\/h3>\n<\/div><div class=\"fusion-clearfix\"><\/div><\/div><\/div><div class=\"fusion-layout-column fusion_builder_column fusion-builder-column-1 fusion_builder_column_2_5 2_5 fusion-two-fifth fusion-column-first\" style=\"--awb-padding-top:10px;--awb-padding-right:10px;--awb-padding-bottom:10px;--awb-padding-left:10px;--awb-bg-color:#dddddd;--awb-bg-color-hover:#dddddd;--awb-bg-size:cover;--awb-margin-top:10px;--awb-margin-bottom:10px;width:40%;width:calc(40% - ( ( 4% ) * 0.4 ) );margin-right: 4%;\"><div class=\"fusion-column-wrapper fusion-flex-column-wrapper-legacy\"><div class=\"fusion-image-element in-legacy-container\" style=\"--awb-caption-title-font-family:var(--h2_typography-font-family);--awb-caption-title-font-weight:var(--h2_typography-font-weight);--awb-caption-title-font-style:var(--h2_typography-font-style);--awb-caption-title-size:var(--h2_typography-font-size);--awb-caption-title-transform:var(--h2_typography-text-transform);--awb-caption-title-line-height:var(--h2_typography-line-height);--awb-caption-title-letter-spacing:var(--h2_typography-letter-spacing);\"><span class=\" fusion-imageframe imageframe-glow imageframe-1 hover-type-zoomin\" style=\"-webkit-box-shadow: 0 0 3px rgba(0,0,0,0.3);box-shadow: 0 0 3px rgba(0,0,0,0.3);\"><a href=\"https:\/\/artguixe.com\/wp-content\/uploads\/2021\/06\/Taller-Pepa-Curriu.jpg\" class=\"fusion-lightbox\" data-rel=\"iLightbox[b354e5f555c585e2ed2]\" data-title=\"Taller Pepa Curriu\" title=\"Taller Pepa Curriu\"><img decoding=\"async\" width=\"3029\" height=\"1995\" src=\"https:\/\/artguixe.com\/wp-content\/uploads\/2021\/06\/Taller-Pepa-Curriu.jpg\" alt class=\"img-responsive wp-image-2965\" srcset=\"https:\/\/artguixe.com\/wp-content\/uploads\/2021\/06\/Taller-Pepa-Curriu-200x132.jpg 200w, https:\/\/artguixe.com\/wp-content\/uploads\/2021\/06\/Taller-Pepa-Curriu-400x263.jpg 400w, https:\/\/artguixe.com\/wp-content\/uploads\/2021\/06\/Taller-Pepa-Curriu-600x395.jpg 600w, https:\/\/artguixe.com\/wp-content\/uploads\/2021\/06\/Taller-Pepa-Curriu-800x527.jpg 800w, https:\/\/artguixe.com\/wp-content\/uploads\/2021\/06\/Taller-Pepa-Curriu-1200x790.jpg 1200w, https:\/\/artguixe.com\/wp-content\/uploads\/2021\/06\/Taller-Pepa-Curriu.jpg 3029w\" sizes=\"(max-width: 800px) 100vw, 800px\" \/><\/a><\/span><\/div><div class=\"fusion-clearfix\"><\/div><\/div><\/div><div class=\"fusion-layout-column fusion_builder_column fusion-builder-column-2 fusion_builder_column_3_5 3_5 fusion-three-fifth fusion-column-last\" style=\"--awb-bg-size:cover;width:60%;width:calc(60% - ( ( 4% ) * 0.6 ) );\"><div class=\"fusion-column-wrapper fusion-flex-column-wrapper-legacy\"><div class=\"fusion-text fusion-text-2\"><h3><strong>L\u2019art en peinture<\/strong><\/h3>\n<h3>Le premier est la <strong>composition<\/strong>, qui exprime une libert\u00e9 que le peintre prend, et qui lui permet de commander les choses \u00e0 sa mani\u00e8re. Le regroupement des formes et des couleurs est d\u2019une grande importance, car le succ\u00e8s ou l\u2019\u00e9chec d\u2019une \u0153uvre peut venir d\u2019ici. Ce que vous cherchez est l\u2019harmonie.<\/h3>\n<h3>Deuxi\u00e8mement, la <strong>lumi\u00e8re<\/strong>. La lumi\u00e8re a une valeur purement sensorielle pour elle-m\u00eame, et c\u2019est aussi la <strong>couleur<\/strong>: la couleur est l\u2019\u00e9l\u00e9ment qui d\u00e9finit la peinture. Les couleurs cr\u00e9ent une influence entre elles, elles ont une relation de leur relation entre elles. Souvent les m\u00eames couleurs expriment dans chaque peintre des choses diff\u00e9rentes et d\u00e9terminent le style de chaque artiste car elles sont utilis\u00e9es avec une totale libert\u00e9 et subjectivit\u00e9.<\/h3>\n<h3>L\u2019art est un message, un moyen d\u2019expression, une forme de communication.<\/h3>\n<p><img decoding=\"async\" class=\"alignright wp-image-2952\" src=\"https:\/\/artguixe.com\/wp-content\/uploads\/2017\/05\/Firma-150x150.png\" alt=\"\" width=\"180\" height=\"75\" srcset=\"https:\/\/artguixe.com\/wp-content\/uploads\/2017\/05\/Firma-200x84.png 200w, https:\/\/artguixe.com\/wp-content\/uploads\/2017\/05\/Firma-300x126.png 300w, https:\/\/artguixe.com\/wp-content\/uploads\/2017\/05\/Firma-400x168.png 400w, https:\/\/artguixe.com\/wp-content\/uploads\/2017\/05\/Firma-600x251.png 600w, https:\/\/artguixe.com\/wp-content\/uploads\/2017\/05\/Firma.png 754w\" sizes=\"(max-width: 180px) 100vw, 180px\" \/><\/p>\n<\/div><div class=\"fusion-clearfix\"><\/div><\/div><\/div><\/div><\/div>\n","protected":false},"excerpt":{"rendered":"","protected":false},"author":1,"featured_media":0,"parent":0,"menu_order":0,"comment_status":"closed","ping_status":"closed","template":"","meta":{"footnotes":""},"class_list":["post-1168","page","type-page","status-publish","hentry"],"yoast_head":"<!-- This site is optimized with the Yoast SEO plugin v26.6 - https:\/\/yoast.com\/wordpress\/plugins\/seo\/ -->\n<title>Pepa Curriu - Art Guixe Barcelona Representants d&#039;Art<\/title>\n<meta name=\"robots\" content=\"index, follow, max-snippet:-1, max-image-preview:large, max-video-preview:-1\" \/>\n<link rel=\"canonical\" href=\"https:\/\/artguixe.com\/fr\/chemin\/\" \/>\n<meta property=\"og:locale\" content=\"fr_FR\" \/>\n<meta property=\"og:type\" content=\"article\" \/>\n<meta property=\"og:title\" content=\"Pepa Curriu - Art Guixe Barcelona Representants d&#039;Art\" \/>\n<meta property=\"og:url\" content=\"https:\/\/artguixe.com\/fr\/chemin\/\" \/>\n<meta property=\"og:site_name\" content=\"Art Guixe Barcelona Representants d&#039;Art\" \/>\n<meta property=\"article:modified_time\" content=\"2024-10-18T16:00:44+00:00\" \/>\n<meta property=\"og:image\" content=\"https:\/\/artguixe.com\/wp-content\/uploads\/2017\/05\/Firma-150x150.png\" \/>\n<meta name=\"twitter:card\" content=\"summary_large_image\" \/>\n<meta name=\"twitter:label1\" content=\"Dur\u00e9e de lecture estim\u00e9e\" \/>\n\t<meta name=\"twitter:data1\" content=\"3 minutes\" \/>\n<script type=\"application\/ld+json\" class=\"yoast-schema-graph\">{\"@context\":\"https:\/\/schema.org\",\"@graph\":[{\"@type\":\"WebPage\",\"@id\":\"https:\/\/artguixe.com\/fr\/chemin\/\",\"url\":\"https:\/\/artguixe.com\/fr\/chemin\/\",\"name\":\"Pepa Curriu - Art Guixe Barcelona Representants d&#039;Art\",\"isPartOf\":{\"@id\":\"https:\/\/artguixe.com\/#website\"},\"primaryImageOfPage\":{\"@id\":\"https:\/\/artguixe.com\/fr\/chemin\/#primaryimage\"},\"image\":{\"@id\":\"https:\/\/artguixe.com\/fr\/chemin\/#primaryimage\"},\"thumbnailUrl\":\"https:\/\/artguixe.com\/wp-content\/uploads\/2017\/05\/Firma-150x150.png\",\"datePublished\":\"2017-03-31T19:03:25+00:00\",\"dateModified\":\"2024-10-18T16:00:44+00:00\",\"breadcrumb\":{\"@id\":\"https:\/\/artguixe.com\/fr\/chemin\/#breadcrumb\"},\"inLanguage\":\"fr-FR\",\"potentialAction\":[{\"@type\":\"ReadAction\",\"target\":[\"https:\/\/artguixe.com\/fr\/chemin\/\"]}]},{\"@type\":\"ImageObject\",\"inLanguage\":\"fr-FR\",\"@id\":\"https:\/\/artguixe.com\/fr\/chemin\/#primaryimage\",\"url\":\"https:\/\/artguixe.com\/wp-content\/uploads\/2017\/05\/Firma-150x150.png\",\"contentUrl\":\"https:\/\/artguixe.com\/wp-content\/uploads\/2017\/05\/Firma-150x150.png\"},{\"@type\":\"BreadcrumbList\",\"@id\":\"https:\/\/artguixe.com\/fr\/chemin\/#breadcrumb\",\"itemListElement\":[{\"@type\":\"ListItem\",\"position\":1,\"name\":\"Inici\",\"item\":\"https:\/\/artguixe.com\/fr\/\"},{\"@type\":\"ListItem\",\"position\":2,\"name\":\"Pepa Curriu\"}]},{\"@type\":\"WebSite\",\"@id\":\"https:\/\/artguixe.com\/#website\",\"url\":\"https:\/\/artguixe.com\/\",\"name\":\"Art Guixe Barcelona Representants d&#039;Art\",\"description\":\"Pintura contempor\u00e0nia heterog\u00e8nia\",\"publisher\":{\"@id\":\"https:\/\/artguixe.com\/#organization\"},\"potentialAction\":[{\"@type\":\"SearchAction\",\"target\":{\"@type\":\"EntryPoint\",\"urlTemplate\":\"https:\/\/artguixe.com\/?s={search_term_string}\"},\"query-input\":{\"@type\":\"PropertyValueSpecification\",\"valueRequired\":true,\"valueName\":\"search_term_string\"}}],\"inLanguage\":\"fr-FR\"},{\"@type\":\"Organization\",\"@id\":\"https:\/\/artguixe.com\/#organization\",\"name\":\"Art Guix\u00e9\",\"url\":\"https:\/\/artguixe.com\/\",\"logo\":{\"@type\":\"ImageObject\",\"inLanguage\":\"fr-FR\",\"@id\":\"https:\/\/artguixe.com\/#\/schema\/logo\/image\/\",\"url\":\"https:\/\/artguixe.com\/wp-content\/uploads\/2017\/06\/Logo-ArtGixe2.png\",\"contentUrl\":\"https:\/\/artguixe.com\/wp-content\/uploads\/2017\/06\/Logo-ArtGixe2.png\",\"width\":241,\"height\":65,\"caption\":\"Art Guix\u00e9\"},\"image\":{\"@id\":\"https:\/\/artguixe.com\/#\/schema\/logo\/image\/\"}}]}<\/script>\n<!-- \/ Yoast SEO plugin. -->","yoast_head_json":{"title":"Pepa Curriu - Art Guixe Barcelona Representants d&#039;Art","robots":{"index":"index","follow":"follow","max-snippet":"max-snippet:-1","max-image-preview":"max-image-preview:large","max-video-preview":"max-video-preview:-1"},"canonical":"https:\/\/artguixe.com\/fr\/chemin\/","og_locale":"fr_FR","og_type":"article","og_title":"Pepa Curriu - Art Guixe Barcelona Representants d&#039;Art","og_url":"https:\/\/artguixe.com\/fr\/chemin\/","og_site_name":"Art Guixe Barcelona Representants d&#039;Art","article_modified_time":"2024-10-18T16:00:44+00:00","og_image":[{"url":"https:\/\/artguixe.com\/wp-content\/uploads\/2017\/05\/Firma-150x150.png","type":"","width":"","height":""}],"twitter_card":"summary_large_image","twitter_misc":{"Dur\u00e9e de lecture estim\u00e9e":"3 minutes"},"schema":{"@context":"https:\/\/schema.org","@graph":[{"@type":"WebPage","@id":"https:\/\/artguixe.com\/fr\/chemin\/","url":"https:\/\/artguixe.com\/fr\/chemin\/","name":"Pepa Curriu - Art Guixe Barcelona Representants d&#039;Art","isPartOf":{"@id":"https:\/\/artguixe.com\/#website"},"primaryImageOfPage":{"@id":"https:\/\/artguixe.com\/fr\/chemin\/#primaryimage"},"image":{"@id":"https:\/\/artguixe.com\/fr\/chemin\/#primaryimage"},"thumbnailUrl":"https:\/\/artguixe.com\/wp-content\/uploads\/2017\/05\/Firma-150x150.png","datePublished":"2017-03-31T19:03:25+00:00","dateModified":"2024-10-18T16:00:44+00:00","breadcrumb":{"@id":"https:\/\/artguixe.com\/fr\/chemin\/#breadcrumb"},"inLanguage":"fr-FR","potentialAction":[{"@type":"ReadAction","target":["https:\/\/artguixe.com\/fr\/chemin\/"]}]},{"@type":"ImageObject","inLanguage":"fr-FR","@id":"https:\/\/artguixe.com\/fr\/chemin\/#primaryimage","url":"https:\/\/artguixe.com\/wp-content\/uploads\/2017\/05\/Firma-150x150.png","contentUrl":"https:\/\/artguixe.com\/wp-content\/uploads\/2017\/05\/Firma-150x150.png"},{"@type":"BreadcrumbList","@id":"https:\/\/artguixe.com\/fr\/chemin\/#breadcrumb","itemListElement":[{"@type":"ListItem","position":1,"name":"Inici","item":"https:\/\/artguixe.com\/fr\/"},{"@type":"ListItem","position":2,"name":"Pepa Curriu"}]},{"@type":"WebSite","@id":"https:\/\/artguixe.com\/#website","url":"https:\/\/artguixe.com\/","name":"Art Guixe Barcelona Representants d&#039;Art","description":"Pintura contempor\u00e0nia heterog\u00e8nia","publisher":{"@id":"https:\/\/artguixe.com\/#organization"},"potentialAction":[{"@type":"SearchAction","target":{"@type":"EntryPoint","urlTemplate":"https:\/\/artguixe.com\/?s={search_term_string}"},"query-input":{"@type":"PropertyValueSpecification","valueRequired":true,"valueName":"search_term_string"}}],"inLanguage":"fr-FR"},{"@type":"Organization","@id":"https:\/\/artguixe.com\/#organization","name":"Art Guix\u00e9","url":"https:\/\/artguixe.com\/","logo":{"@type":"ImageObject","inLanguage":"fr-FR","@id":"https:\/\/artguixe.com\/#\/schema\/logo\/image\/","url":"https:\/\/artguixe.com\/wp-content\/uploads\/2017\/06\/Logo-ArtGixe2.png","contentUrl":"https:\/\/artguixe.com\/wp-content\/uploads\/2017\/06\/Logo-ArtGixe2.png","width":241,"height":65,"caption":"Art Guix\u00e9"},"image":{"@id":"https:\/\/artguixe.com\/#\/schema\/logo\/image\/"}}]}},"_links":{"self":[{"href":"https:\/\/artguixe.com\/fr\/wp-json\/wp\/v2\/pages\/1168","targetHints":{"allow":["GET"]}}],"collection":[{"href":"https:\/\/artguixe.com\/fr\/wp-json\/wp\/v2\/pages"}],"about":[{"href":"https:\/\/artguixe.com\/fr\/wp-json\/wp\/v2\/types\/page"}],"author":[{"embeddable":true,"href":"https:\/\/artguixe.com\/fr\/wp-json\/wp\/v2\/users\/1"}],"replies":[{"embeddable":true,"href":"https:\/\/artguixe.com\/fr\/wp-json\/wp\/v2\/comments?post=1168"}],"version-history":[{"count":11,"href":"https:\/\/artguixe.com\/fr\/wp-json\/wp\/v2\/pages\/1168\/revisions"}],"predecessor-version":[{"id":3072,"href":"https:\/\/artguixe.com\/fr\/wp-json\/wp\/v2\/pages\/1168\/revisions\/3072"}],"wp:attachment":[{"href":"https:\/\/artguixe.com\/fr\/wp-json\/wp\/v2\/media?parent=1168"}],"curies":[{"name":"wp","href":"https:\/\/api.w.org\/{rel}","templated":true}]}}