{"id":1130,"date":"2017-05-30T21:57:55","date_gmt":"2017-05-30T19:57:55","guid":{"rendered":"http:\/\/artguixe.com\/\/avis-legal\/"},"modified":"2017-09-29T22:50:52","modified_gmt":"2017-09-29T20:50:52","slug":"avis-legal","status":"publish","type":"page","link":"https:\/\/artguixe.com\/fr\/avis-legal\/","title":{"rendered":"Avertissement Juridique"},"content":{"rendered":"<div class=\"fusion-fullwidth fullwidth-box fusion-builder-row-1 nonhundred-percent-fullwidth non-hundred-percent-height-scrolling\" style=\"--awb-border-radius-top-left:0px;--awb-border-radius-top-right:0px;--awb-border-radius-bottom-right:0px;--awb-border-radius-bottom-left:0px;--awb-flex-wrap:wrap;\" ><div class=\"fusion-builder-row fusion-row\"><div class=\"fusion-layout-column fusion_builder_column fusion-builder-column-0 fusion_builder_column_1_1 1_1 fusion-one-full fusion-column-first fusion-column-last\" style=\"--awb-bg-size:cover;--awb-margin-bottom:0px;\"><div class=\"fusion-column-wrapper fusion-flex-column-wrapper-legacy\"><div class=\"fusion-text fusion-text-1\"><h1>Avertissement Juridique<\/h1>\n<\/div><div class=\"fusion-text fusion-text-2\"><h3>ARTGUIX\u00c9, VAT n\u00ba ES46628294-A, domicili\u00e9e Rue Sant Antoni, 24 08172 Sant Cugat del Vall\u00e8s, Barcelone (Espagne). T\u00e9l\u00e9phone de contact : +34 675 834 026<\/h3>\n<\/div><div class=\"fusion-text fusion-text-3\"><h2><strong>Objet:<\/strong><\/h2>\n<\/div><div class=\"fusion-text fusion-text-4\"><h3>Toute personne utilisant ce site web s\u2019attribue la condition d\u2019utilisateur, acceptant cet usage sous sa propre responsabilit\u00e9. Ce site web \u00e9tablit les Conditions G\u00e9n\u00e9rales d\u2019acc\u00e8s et d\u2019utilisation de ce site, conditions auxquelles l\u2019utilisateur est soumis et accepte.<\/h3>\n<h3>L\u2019acc\u00e8s \u00e0 ce site est libre et gratuit. ARTGUIX\u00c9 ne sera en aucun cas responsable de probl\u00e8mes techniques qui pourraient survenir \u00e0 cause de prestations de tiers.<\/h3>\n<h3>Le site web <a href=\"http:\/\/www.artguixe.com\/\">artguixe.com<\/a> est soumis <u>aux conditions d\u2019utilisation suivantes<\/u> :<\/h3>\n<\/div><div class=\"fusion-text fusion-text-5\"><ul>\n<li>\n<h2><strong> Droits d\u2019auteur<\/strong><\/h2>\n<\/li>\n<\/ul>\n<\/div><div class=\"fusion-text fusion-text-6\"><h3>La totalit\u00e9 des contenus de ce site web (textes, graphisme, structure, fonctionnalit\u00e9s) est prot\u00e9g\u00e9e par les lois relatives \u00e0 la propri\u00e9t\u00e9 intellectuelle.<\/h3>\n<h3>La reproduction totale ou partielle de ce site web est formellement interdite sans autorisation pr\u00e9alable et \u00e9crite de la part de la soci\u00e9t\u00e9 ARTGUIX\u00c9. La vuln\u00e9ration de ces droits sont punis par le code p\u00e9nal espagnol dans les articles 270 et suivants.<\/h3>\n<\/div><div class=\"fusion-text fusion-text-7\"><ul>\n<li>\n<h2><strong>R\u00e9f\u00e9rences hypertextes<\/strong><\/h2>\n<\/li>\n<\/ul>\n<\/div><div class=\"fusion-text fusion-text-8\"><h3>Les\u00a0auteurs du pr\u00e9sent site web autorisent les utilisateurs d\u2019autres sites web \u00e0 \u00e9tablir des r\u00e9f\u00e9rences hypertextes dirig\u00e9es vers la page d\u2019accueil &lt;<a href=\"http:\/\/www.artguixe.com\/\">http:\/\/www.artguixe.com<\/a>&gt;, sans autorisation pr\u00e9alable, \u00e0 la stricte condition que les sites r\u00e9f\u00e9rant poss\u00e8dent un contenu totalement respectueux des lois existant notamment contre la pornographie, la diffamation et la x\u00e9nophobie.<\/h3>\n<h3>Le site ARTGUIX\u00c9. contient plusieurs r\u00e9f\u00e9rences hypertextes conduisant vers d\u2019autres sites web. Ces liens ne repr\u00e9sentent aucune relation entre les auteurs\u00a0de ARTGUIX\u00c9, et les particuliers ou entreprises titulaires des sites reli\u00e9s. Les auteurs ne pourront\u00a0en aucun cas \u00eatre tenus pour responsables des contenus publi\u00e9s sur les sites reli\u00e9s.<\/h3>\n<h3>Dans les cas o\u00f9 depuis le site d\u2019ARTGUIX\u00c9 il serait possible de relier et d\u2019acc\u00e9der \u00e0 d\u2019autres sites ou portails d\u2019Internet, ARTGUIX\u00c9 a le r\u00f4le unique de prestateur de services d\u2019interm\u00e9diaire selon ce qui est \u00e9tabli dans l\u2019article 17 de la Loi 34\/2002 du 11 juillet, de Services de la Soci\u00e9t\u00e9 d\u2019Information et Commerce Electronique (LSSI), sans impliquer l\u2019existence d\u2019accords avec les responsables de ces sites ou portails ni aucune identification d\u2019ARTGUIX\u00c9 avec eux. ARTGUIX\u00c9 ne se fait pas non plus responsable des dommages indirectement imputables \u00e0 ARTGUIX\u00c9 produits par la qualit\u00e9 des contenus ou non actualisation des liens.<\/h3>\n<\/div><div class=\"fusion-text fusion-text-9\"><ul>\n<li>\n<h2><strong> Limites \u00e0 la responsabilit\u00e9<\/strong><\/h2>\n<\/li>\n<\/ul>\n<\/div><div class=\"fusion-text fusion-text-10\"><h3>L\u2019utilisateur dispose des outils et moyens ad\u00e9quats pour la d\u00e9tection et d\u00e9sinfection de programmes informatiques contaminants. ARTGUIX\u00c9 ne se responsabilise pas des dommages occasionn\u00e9s dans l\u2019ordinateur des utilisateurs ou de tiers d\u00e9riv\u00e9s de l\u2019utilisation de ce site.<\/h3>\n<h3>L\u2019utilisateur sera responsable des dommages et pr\u00e9judices de quelque nature qu\u2019ils soient qu\u2019 ARTGUIX\u00c9 pourrait subir d\u00e9riv\u00e9s de toute violation des obligations auxquelles il est soumis selon cet avis juridique.<\/h3>\n<h3>ARTGUIX\u00c9 n\u2019est pas responsable des d\u00e9cisions que les utilisateurs prennent \u00e0 partir de l\u2019information d\u00e9riv\u00e9e du site, ni des dommages et pr\u00e9judices d\u00e9riv\u00e9s des utilisateurs ou tiers. Uniquement de l\u2019information qui figure dans son site.<\/h3>\n<h3>Les pr\u00e9sentes conditions d\u2019acc\u00e8s sont soumises \u00e0 l\u2019ordre juridique espagnol.<\/h3>\n<h3>ARTGUIX\u00c9 se r\u00e9serve la facult\u00e9 de r\u00e9aliser, \u00e0 tout moment et sans obligation de pr\u00e9avis, de modifier ou actualiser les contenus ou services des pr\u00e9sentes dispositions d\u2019acc\u00e8s et d\u2019utilisation et, en g\u00e9n\u00e9ral, de tout \u00e9l\u00e9ment int\u00e9grant le graphisme et configuration de son site.<\/h3>\n<h3>Les modifications du contenu de ce site web sont \u00e0 l\u2019enti\u00e8re discr\u00e9tion de ses auteurs, sans obligation de pr\u00e9avis de modification.<\/h3>\n<h3>Les producteurs du site ARTGUIX\u00c9 ne pourront \u00eatre tenus pour responsables d\u2019\u00e9ventuels dommages ou pr\u00e9judices, mat\u00e9riels ou moraux, directement ou indirectement caus\u00e9s par l\u2019utilisation de ce site web.<\/h3>\n<\/div><div class=\"fusion-text fusion-text-11\"><ul>\n<li>\n<h2><strong> Protection des donn\u00e9es personnelles<\/strong><\/h2>\n<\/li>\n<\/ul>\n<\/div><div class=\"fusion-text fusion-text-12\"><h3>Les \u00e9changes de donn\u00e9es (contenus des messages, adresses e-mail,\u2026) effectu\u00e9s entre les\u00a0auteurs de ce site web et ses utilisateurs font l\u2019objet d\u2019une politique de respect des donn\u00e9es personnelles. Ils s\u2019engagent\u00a0\u00e0 ne pas transmettre ces donn\u00e9es \u00e0 des tiers, sans autorisation pr\u00e9alable \u00e9crite de la part des personnes concern\u00e9es.<\/h3>\n<h3>ARTGUIX\u00c9 garantie le respect de toutes les obligations d\u00e9riv\u00e9es de l\u2019article 9 de la Loi espagnole 15\/1999. de Protection des donn\u00e9es personnelles (LOPD) et r\u00e8glement de d\u00e9veloppement du d\u00e9cret Royal 1720\/2007, du 21 d\u00e9cembre.<br \/>\nIl est mis \u00e0 disposition de l\u2019utilisateur la <strong><u>POLITIQUE DE CONFIDENTIALIT\u00c9<\/u><\/strong> d\u2019 ARTGUIX\u00c9.<\/h3>\n<\/div><div class=\"fusion-text fusion-text-13\"><ul>\n<li>\n<h2><strong>\u00a0Autres conditions<\/strong><\/h2>\n<\/li>\n<\/ul>\n<\/div><div class=\"fusion-text fusion-text-14\"><h3>L\u2019utilisation de ce site web sous-entend l\u2019acceptation des conditions g\u00e9n\u00e9rales d\u00e9taill\u00e9es ci-dessus.<\/h3>\n<\/div><div class=\"fusion-clearfix\"><\/div><\/div><\/div><\/div><\/div>\n","protected":false},"excerpt":{"rendered":"","protected":false},"author":1,"featured_media":0,"parent":0,"menu_order":0,"comment_status":"closed","ping_status":"closed","template":"","meta":{"footnotes":""},"class_list":["post-1130","page","type-page","status-publish","hentry"],"yoast_head":"<!-- This site is optimized with the Yoast SEO plugin v26.6 - https:\/\/yoast.com\/wordpress\/plugins\/seo\/ -->\n<title>Avertissement Juridique - Art Guixe Barcelona Representants d&#039;Art<\/title>\n<meta name=\"robots\" content=\"index, follow, max-snippet:-1, max-image-preview:large, max-video-preview:-1\" \/>\n<link rel=\"canonical\" href=\"https:\/\/artguixe.com\/fr\/avis-legal\/\" \/>\n<meta property=\"og:locale\" content=\"fr_FR\" \/>\n<meta property=\"og:type\" content=\"article\" \/>\n<meta property=\"og:title\" content=\"Avertissement Juridique - Art Guixe Barcelona Representants d&#039;Art\" \/>\n<meta property=\"og:url\" content=\"https:\/\/artguixe.com\/fr\/avis-legal\/\" \/>\n<meta property=\"og:site_name\" content=\"Art Guixe Barcelona Representants d&#039;Art\" \/>\n<meta property=\"article:modified_time\" content=\"2017-09-29T20:50:52+00:00\" \/>\n<meta name=\"twitter:card\" content=\"summary_large_image\" \/>\n<meta name=\"twitter:label1\" content=\"Dur\u00e9e de lecture estim\u00e9e\" \/>\n\t<meta name=\"twitter:data1\" content=\"5 minutes\" \/>\n<script type=\"application\/ld+json\" class=\"yoast-schema-graph\">{\"@context\":\"https:\/\/schema.org\",\"@graph\":[{\"@type\":\"WebPage\",\"@id\":\"https:\/\/artguixe.com\/fr\/avis-legal\/\",\"url\":\"https:\/\/artguixe.com\/fr\/avis-legal\/\",\"name\":\"Avertissement Juridique - Art Guixe Barcelona Representants d&#039;Art\",\"isPartOf\":{\"@id\":\"https:\/\/artguixe.com\/#website\"},\"datePublished\":\"2017-05-30T19:57:55+00:00\",\"dateModified\":\"2017-09-29T20:50:52+00:00\",\"breadcrumb\":{\"@id\":\"https:\/\/artguixe.com\/fr\/avis-legal\/#breadcrumb\"},\"inLanguage\":\"fr-FR\",\"potentialAction\":[{\"@type\":\"ReadAction\",\"target\":[\"https:\/\/artguixe.com\/fr\/avis-legal\/\"]}]},{\"@type\":\"BreadcrumbList\",\"@id\":\"https:\/\/artguixe.com\/fr\/avis-legal\/#breadcrumb\",\"itemListElement\":[{\"@type\":\"ListItem\",\"position\":1,\"name\":\"Inici\",\"item\":\"https:\/\/artguixe.com\/fr\/\"},{\"@type\":\"ListItem\",\"position\":2,\"name\":\"Avertissement Juridique\"}]},{\"@type\":\"WebSite\",\"@id\":\"https:\/\/artguixe.com\/#website\",\"url\":\"https:\/\/artguixe.com\/\",\"name\":\"Art Guixe Barcelona Representants d&#039;Art\",\"description\":\"Pintura contempor\u00e0nia heterog\u00e8nia\",\"publisher\":{\"@id\":\"https:\/\/artguixe.com\/#organization\"},\"potentialAction\":[{\"@type\":\"SearchAction\",\"target\":{\"@type\":\"EntryPoint\",\"urlTemplate\":\"https:\/\/artguixe.com\/?s={search_term_string}\"},\"query-input\":{\"@type\":\"PropertyValueSpecification\",\"valueRequired\":true,\"valueName\":\"search_term_string\"}}],\"inLanguage\":\"fr-FR\"},{\"@type\":\"Organization\",\"@id\":\"https:\/\/artguixe.com\/#organization\",\"name\":\"Art Guix\u00e9\",\"url\":\"https:\/\/artguixe.com\/\",\"logo\":{\"@type\":\"ImageObject\",\"inLanguage\":\"fr-FR\",\"@id\":\"https:\/\/artguixe.com\/#\/schema\/logo\/image\/\",\"url\":\"https:\/\/artguixe.com\/wp-content\/uploads\/2017\/06\/Logo-ArtGixe2.png\",\"contentUrl\":\"https:\/\/artguixe.com\/wp-content\/uploads\/2017\/06\/Logo-ArtGixe2.png\",\"width\":241,\"height\":65,\"caption\":\"Art Guix\u00e9\"},\"image\":{\"@id\":\"https:\/\/artguixe.com\/#\/schema\/logo\/image\/\"}}]}<\/script>\n<!-- \/ Yoast SEO plugin. -->","yoast_head_json":{"title":"Avertissement Juridique - Art Guixe Barcelona Representants d&#039;Art","robots":{"index":"index","follow":"follow","max-snippet":"max-snippet:-1","max-image-preview":"max-image-preview:large","max-video-preview":"max-video-preview:-1"},"canonical":"https:\/\/artguixe.com\/fr\/avis-legal\/","og_locale":"fr_FR","og_type":"article","og_title":"Avertissement Juridique - Art Guixe Barcelona Representants d&#039;Art","og_url":"https:\/\/artguixe.com\/fr\/avis-legal\/","og_site_name":"Art Guixe Barcelona Representants d&#039;Art","article_modified_time":"2017-09-29T20:50:52+00:00","twitter_card":"summary_large_image","twitter_misc":{"Dur\u00e9e de lecture estim\u00e9e":"5 minutes"},"schema":{"@context":"https:\/\/schema.org","@graph":[{"@type":"WebPage","@id":"https:\/\/artguixe.com\/fr\/avis-legal\/","url":"https:\/\/artguixe.com\/fr\/avis-legal\/","name":"Avertissement Juridique - Art Guixe Barcelona Representants d&#039;Art","isPartOf":{"@id":"https:\/\/artguixe.com\/#website"},"datePublished":"2017-05-30T19:57:55+00:00","dateModified":"2017-09-29T20:50:52+00:00","breadcrumb":{"@id":"https:\/\/artguixe.com\/fr\/avis-legal\/#breadcrumb"},"inLanguage":"fr-FR","potentialAction":[{"@type":"ReadAction","target":["https:\/\/artguixe.com\/fr\/avis-legal\/"]}]},{"@type":"BreadcrumbList","@id":"https:\/\/artguixe.com\/fr\/avis-legal\/#breadcrumb","itemListElement":[{"@type":"ListItem","position":1,"name":"Inici","item":"https:\/\/artguixe.com\/fr\/"},{"@type":"ListItem","position":2,"name":"Avertissement Juridique"}]},{"@type":"WebSite","@id":"https:\/\/artguixe.com\/#website","url":"https:\/\/artguixe.com\/","name":"Art Guixe Barcelona Representants d&#039;Art","description":"Pintura contempor\u00e0nia heterog\u00e8nia","publisher":{"@id":"https:\/\/artguixe.com\/#organization"},"potentialAction":[{"@type":"SearchAction","target":{"@type":"EntryPoint","urlTemplate":"https:\/\/artguixe.com\/?s={search_term_string}"},"query-input":{"@type":"PropertyValueSpecification","valueRequired":true,"valueName":"search_term_string"}}],"inLanguage":"fr-FR"},{"@type":"Organization","@id":"https:\/\/artguixe.com\/#organization","name":"Art Guix\u00e9","url":"https:\/\/artguixe.com\/","logo":{"@type":"ImageObject","inLanguage":"fr-FR","@id":"https:\/\/artguixe.com\/#\/schema\/logo\/image\/","url":"https:\/\/artguixe.com\/wp-content\/uploads\/2017\/06\/Logo-ArtGixe2.png","contentUrl":"https:\/\/artguixe.com\/wp-content\/uploads\/2017\/06\/Logo-ArtGixe2.png","width":241,"height":65,"caption":"Art Guix\u00e9"},"image":{"@id":"https:\/\/artguixe.com\/#\/schema\/logo\/image\/"}}]}},"_links":{"self":[{"href":"https:\/\/artguixe.com\/fr\/wp-json\/wp\/v2\/pages\/1130","targetHints":{"allow":["GET"]}}],"collection":[{"href":"https:\/\/artguixe.com\/fr\/wp-json\/wp\/v2\/pages"}],"about":[{"href":"https:\/\/artguixe.com\/fr\/wp-json\/wp\/v2\/types\/page"}],"author":[{"embeddable":true,"href":"https:\/\/artguixe.com\/fr\/wp-json\/wp\/v2\/users\/1"}],"replies":[{"embeddable":true,"href":"https:\/\/artguixe.com\/fr\/wp-json\/wp\/v2\/comments?post=1130"}],"version-history":[{"count":38,"href":"https:\/\/artguixe.com\/fr\/wp-json\/wp\/v2\/pages\/1130\/revisions"}],"predecessor-version":[{"id":1415,"href":"https:\/\/artguixe.com\/fr\/wp-json\/wp\/v2\/pages\/1130\/revisions\/1415"}],"wp:attachment":[{"href":"https:\/\/artguixe.com\/fr\/wp-json\/wp\/v2\/media?parent=1130"}],"curies":[{"name":"wp","href":"https:\/\/api.w.org\/{rel}","templated":true}]}}