{"id":1118,"date":"2017-05-29T15:21:34","date_gmt":"2017-05-29T13:21:34","guid":{"rendered":"http:\/\/artguixe.com\/\/inici\/"},"modified":"2024-12-27T19:05:05","modified_gmt":"2024-12-27T18:05:05","slug":"inici","status":"publish","type":"page","link":"https:\/\/artguixe.com\/fr\/","title":{"rendered":"Accueil"},"content":{"rendered":"<div class=\"fusion-fullwidth fullwidth-box fusion-builder-row-1 nonhundred-percent-fullwidth non-hundred-percent-height-scrolling\" style=\"--awb-border-radius-top-left:0px;--awb-border-radius-top-right:0px;--awb-border-radius-bottom-right:0px;--awb-border-radius-bottom-left:0px;--awb-flex-wrap:wrap;\" ><div class=\"fusion-builder-row fusion-row\"><div class=\"fusion-layout-column fusion_builder_column fusion-builder-column-0 fusion_builder_column_1_1 1_1 fusion-one-full fusion-column-first fusion-column-last\" style=\"--awb-bg-size:cover;\"><div class=\"fusion-column-wrapper fusion-flex-column-wrapper-legacy\"><div class=\"fusion-clearfix\"><\/div><\/div><\/div><\/div><\/div>\n","protected":false},"excerpt":{"rendered":"","protected":false},"author":1,"featured_media":0,"parent":0,"menu_order":0,"comment_status":"closed","ping_status":"closed","template":"","meta":{"footnotes":""},"class_list":["post-1118","page","type-page","status-publish","hentry"],"yoast_head":"<!-- This site is optimized with the Yoast SEO plugin v26.6 - https:\/\/yoast.com\/wordpress\/plugins\/seo\/ -->\n<title>Accueil - Art Guixe Barcelona Representants d&#039;Art<\/title>\n<meta name=\"description\" content=\"Artguixe est un espace num\u00e9rique d\u00e9di\u00e9 \u00e0 l\u2019\u0153uvre et \u00e0 la carri\u00e8re de la peintre contemporaine Pepa Curriu. En tant que repr\u00e9sentants de l\u2019artiste, notre mission est de connecter son talent avec les amateurs d\u2019art, les collectionneurs et les professionnels du secteur, en offrant une fen\u00eatre unique sur son univers cr\u00e9atif.\" \/>\n<meta name=\"robots\" content=\"index, follow, max-snippet:-1, max-image-preview:large, max-video-preview:-1\" \/>\n<link rel=\"canonical\" href=\"https:\/\/artguixe.com\/fr\/\" \/>\n<meta property=\"og:locale\" content=\"fr_FR\" \/>\n<meta property=\"og:type\" content=\"article\" \/>\n<meta property=\"og:title\" content=\"Accueil - Art Guixe Barcelona Representants d&#039;Art\" \/>\n<meta property=\"og:description\" content=\"Artguixe est un espace num\u00e9rique d\u00e9di\u00e9 \u00e0 l\u2019\u0153uvre et \u00e0 la carri\u00e8re de la peintre contemporaine Pepa Curriu. En tant que repr\u00e9sentants de l\u2019artiste, notre mission est de connecter son talent avec les amateurs d\u2019art, les collectionneurs et les professionnels du secteur, en offrant une fen\u00eatre unique sur son univers cr\u00e9atif.\" \/>\n<meta property=\"og:url\" content=\"https:\/\/artguixe.com\/fr\/\" \/>\n<meta property=\"og:site_name\" content=\"Art Guixe Barcelona Representants d&#039;Art\" \/>\n<meta property=\"article:modified_time\" content=\"2024-12-27T18:05:05+00:00\" \/>\n<meta name=\"twitter:card\" content=\"summary_large_image\" \/>\n<script type=\"application\/ld+json\" class=\"yoast-schema-graph\">{\"@context\":\"https:\/\/schema.org\",\"@graph\":[{\"@type\":\"WebPage\",\"@id\":\"https:\/\/artguixe.com\/fr\/\",\"url\":\"https:\/\/artguixe.com\/fr\/\",\"name\":\"Accueil - Art Guixe Barcelona Representants d&#039;Art\",\"isPartOf\":{\"@id\":\"https:\/\/artguixe.com\/#website\"},\"datePublished\":\"2017-05-29T13:21:34+00:00\",\"dateModified\":\"2024-12-27T18:05:05+00:00\",\"description\":\"Artguixe est un espace num\u00e9rique d\u00e9di\u00e9 \u00e0 l\u2019\u0153uvre et \u00e0 la carri\u00e8re de la peintre contemporaine Pepa Curriu. En tant que repr\u00e9sentants de l\u2019artiste, notre mission est de connecter son talent avec les amateurs d\u2019art, les collectionneurs et les professionnels du secteur, en offrant une fen\u00eatre unique sur son univers cr\u00e9atif.\",\"breadcrumb\":{\"@id\":\"https:\/\/artguixe.com\/fr\/#breadcrumb\"},\"inLanguage\":\"fr-FR\",\"potentialAction\":[{\"@type\":\"ReadAction\",\"target\":[\"https:\/\/artguixe.com\/fr\/\"]}]},{\"@type\":\"BreadcrumbList\",\"@id\":\"https:\/\/artguixe.com\/fr\/#breadcrumb\",\"itemListElement\":[{\"@type\":\"ListItem\",\"position\":1,\"name\":\"Inici\",\"item\":\"https:\/\/artguixe.com\/fr\/\"},{\"@type\":\"ListItem\",\"position\":2,\"name\":\"Accueil\"}]},{\"@type\":\"WebSite\",\"@id\":\"https:\/\/artguixe.com\/#website\",\"url\":\"https:\/\/artguixe.com\/\",\"name\":\"Art Guixe Barcelona Representants d&#039;Art\",\"description\":\"Pintura contempor\u00e0nia heterog\u00e8nia\",\"publisher\":{\"@id\":\"https:\/\/artguixe.com\/#organization\"},\"potentialAction\":[{\"@type\":\"SearchAction\",\"target\":{\"@type\":\"EntryPoint\",\"urlTemplate\":\"https:\/\/artguixe.com\/?s={search_term_string}\"},\"query-input\":{\"@type\":\"PropertyValueSpecification\",\"valueRequired\":true,\"valueName\":\"search_term_string\"}}],\"inLanguage\":\"fr-FR\"},{\"@type\":\"Organization\",\"@id\":\"https:\/\/artguixe.com\/#organization\",\"name\":\"Art Guix\u00e9\",\"url\":\"https:\/\/artguixe.com\/\",\"logo\":{\"@type\":\"ImageObject\",\"inLanguage\":\"fr-FR\",\"@id\":\"https:\/\/artguixe.com\/#\/schema\/logo\/image\/\",\"url\":\"https:\/\/artguixe.com\/wp-content\/uploads\/2017\/06\/Logo-ArtGixe2.png\",\"contentUrl\":\"https:\/\/artguixe.com\/wp-content\/uploads\/2017\/06\/Logo-ArtGixe2.png\",\"width\":241,\"height\":65,\"caption\":\"Art Guix\u00e9\"},\"image\":{\"@id\":\"https:\/\/artguixe.com\/#\/schema\/logo\/image\/\"}}]}<\/script>\n<!-- \/ Yoast SEO plugin. -->","yoast_head_json":{"title":"Accueil - Art Guixe Barcelona Representants d&#039;Art","description":"Artguixe est un espace num\u00e9rique d\u00e9di\u00e9 \u00e0 l\u2019\u0153uvre et \u00e0 la carri\u00e8re de la peintre contemporaine Pepa Curriu. En tant que repr\u00e9sentants de l\u2019artiste, notre mission est de connecter son talent avec les amateurs d\u2019art, les collectionneurs et les professionnels du secteur, en offrant une fen\u00eatre unique sur son univers cr\u00e9atif.","robots":{"index":"index","follow":"follow","max-snippet":"max-snippet:-1","max-image-preview":"max-image-preview:large","max-video-preview":"max-video-preview:-1"},"canonical":"https:\/\/artguixe.com\/fr\/","og_locale":"fr_FR","og_type":"article","og_title":"Accueil - Art Guixe Barcelona Representants d&#039;Art","og_description":"Artguixe est un espace num\u00e9rique d\u00e9di\u00e9 \u00e0 l\u2019\u0153uvre et \u00e0 la carri\u00e8re de la peintre contemporaine Pepa Curriu. En tant que repr\u00e9sentants de l\u2019artiste, notre mission est de connecter son talent avec les amateurs d\u2019art, les collectionneurs et les professionnels du secteur, en offrant une fen\u00eatre unique sur son univers cr\u00e9atif.","og_url":"https:\/\/artguixe.com\/fr\/","og_site_name":"Art Guixe Barcelona Representants d&#039;Art","article_modified_time":"2024-12-27T18:05:05+00:00","twitter_card":"summary_large_image","schema":{"@context":"https:\/\/schema.org","@graph":[{"@type":"WebPage","@id":"https:\/\/artguixe.com\/fr\/","url":"https:\/\/artguixe.com\/fr\/","name":"Accueil - Art Guixe Barcelona Representants d&#039;Art","isPartOf":{"@id":"https:\/\/artguixe.com\/#website"},"datePublished":"2017-05-29T13:21:34+00:00","dateModified":"2024-12-27T18:05:05+00:00","description":"Artguixe est un espace num\u00e9rique d\u00e9di\u00e9 \u00e0 l\u2019\u0153uvre et \u00e0 la carri\u00e8re de la peintre contemporaine Pepa Curriu. En tant que repr\u00e9sentants de l\u2019artiste, notre mission est de connecter son talent avec les amateurs d\u2019art, les collectionneurs et les professionnels du secteur, en offrant une fen\u00eatre unique sur son univers cr\u00e9atif.","breadcrumb":{"@id":"https:\/\/artguixe.com\/fr\/#breadcrumb"},"inLanguage":"fr-FR","potentialAction":[{"@type":"ReadAction","target":["https:\/\/artguixe.com\/fr\/"]}]},{"@type":"BreadcrumbList","@id":"https:\/\/artguixe.com\/fr\/#breadcrumb","itemListElement":[{"@type":"ListItem","position":1,"name":"Inici","item":"https:\/\/artguixe.com\/fr\/"},{"@type":"ListItem","position":2,"name":"Accueil"}]},{"@type":"WebSite","@id":"https:\/\/artguixe.com\/#website","url":"https:\/\/artguixe.com\/","name":"Art Guixe Barcelona Representants d&#039;Art","description":"Pintura contempor\u00e0nia heterog\u00e8nia","publisher":{"@id":"https:\/\/artguixe.com\/#organization"},"potentialAction":[{"@type":"SearchAction","target":{"@type":"EntryPoint","urlTemplate":"https:\/\/artguixe.com\/?s={search_term_string}"},"query-input":{"@type":"PropertyValueSpecification","valueRequired":true,"valueName":"search_term_string"}}],"inLanguage":"fr-FR"},{"@type":"Organization","@id":"https:\/\/artguixe.com\/#organization","name":"Art Guix\u00e9","url":"https:\/\/artguixe.com\/","logo":{"@type":"ImageObject","inLanguage":"fr-FR","@id":"https:\/\/artguixe.com\/#\/schema\/logo\/image\/","url":"https:\/\/artguixe.com\/wp-content\/uploads\/2017\/06\/Logo-ArtGixe2.png","contentUrl":"https:\/\/artguixe.com\/wp-content\/uploads\/2017\/06\/Logo-ArtGixe2.png","width":241,"height":65,"caption":"Art Guix\u00e9"},"image":{"@id":"https:\/\/artguixe.com\/#\/schema\/logo\/image\/"}}]}},"_links":{"self":[{"href":"https:\/\/artguixe.com\/fr\/wp-json\/wp\/v2\/pages\/1118","targetHints":{"allow":["GET"]}}],"collection":[{"href":"https:\/\/artguixe.com\/fr\/wp-json\/wp\/v2\/pages"}],"about":[{"href":"https:\/\/artguixe.com\/fr\/wp-json\/wp\/v2\/types\/page"}],"author":[{"embeddable":true,"href":"https:\/\/artguixe.com\/fr\/wp-json\/wp\/v2\/users\/1"}],"replies":[{"embeddable":true,"href":"https:\/\/artguixe.com\/fr\/wp-json\/wp\/v2\/comments?post=1118"}],"version-history":[{"count":13,"href":"https:\/\/artguixe.com\/fr\/wp-json\/wp\/v2\/pages\/1118\/revisions"}],"predecessor-version":[{"id":3068,"href":"https:\/\/artguixe.com\/fr\/wp-json\/wp\/v2\/pages\/1118\/revisions\/3068"}],"wp:attachment":[{"href":"https:\/\/artguixe.com\/fr\/wp-json\/wp\/v2\/media?parent=1118"}],"curies":[{"name":"wp","href":"https:\/\/api.w.org\/{rel}","templated":true}]}}