{"id":1281,"date":"2017-06-03T12:00:52","date_gmt":"2017-06-03T10:00:52","guid":{"rendered":"http:\/\/artguixe.com\/\/?page_id=1281\/"},"modified":"2017-06-08T10:20:13","modified_gmt":"2017-06-08T08:20:13","slug":"privacidad","status":"publish","type":"page","link":"https:\/\/artguixe.com\/es\/privacidad\/","title":{"rendered":"Privacidad"},"content":{"rendered":"<div class=\"fusion-fullwidth fullwidth-box fusion-builder-row-1 nonhundred-percent-fullwidth non-hundred-percent-height-scrolling\" style=\"--awb-border-radius-top-left:0px;--awb-border-radius-top-right:0px;--awb-border-radius-bottom-right:0px;--awb-border-radius-bottom-left:0px;--awb-flex-wrap:wrap;\" ><div class=\"fusion-builder-row fusion-row\"><div class=\"fusion-layout-column fusion_builder_column fusion-builder-column-0 fusion_builder_column_1_1 1_1 fusion-one-full fusion-column-first fusion-column-last\" style=\"--awb-bg-size:cover;--awb-margin-bottom:0px;\"><div class=\"fusion-column-wrapper fusion-flex-column-wrapper-legacy\"><div class=\"fusion-text fusion-text-1\"><h1><strong>Pol\u00edtica de Privacidad<\/strong><\/h1>\n<\/div><div class=\"fusion-text fusion-text-2\"><h3>1. ARTGUIX\u00c9 con domicilio en Sant Cugat (Barcelona), calle Sant Antoni, n\u00ba 24, titular de la p\u00e1gina web <a href=\"http:\/\/www.artguixe.com\">http:\/\/www.artguixe.com<\/a> y de la base de datos de car\u00e1cter personal generada con los datos en su caso suministrados por los usuarios.<\/h3>\n<\/div><div class=\"fusion-text fusion-text-3\"><h3>2. De acuerdo con la Ley 15\/1999, de 13 de diciembre, de protecci\u00f3n de datos de car\u00e1cter personal y con su Reglamento de desarrollo, aprobado por Real Decreto 1720\/2007, de 21 de diciembre, los datos personales facilitados por los usuarios quedar\u00e1n incorporados en el correspondiente fichero automatizado que se encuentra debidamente inscrito y del que es responsable ARTGUIX\u00c9, y cuya finalidad es la gesti\u00f3n adecuada de los servicios propios ofrecidos por ARTGUIX\u00c9 y su p\u00e1gina web.<\/h3>\n<\/div><div class=\"fusion-text fusion-text-4\"><h3>3. El usuario debe especificar de forma expresa en cada caso que acepta expresamente y de manera libre e inequ\u00edvoca, que sus datos personales se tratan por ARTGUIX\u00c9 \u00fanicamente para las finalidades para las que se han facilitado y garantiza que los datos personales facilitados son veraces y asume la obligaci\u00f3n de comunicar su modificaci\u00f3n, pudiendo entonces ARTGUIX\u00c9 en funci\u00f3n de su utilidad para la finalidad requerida, cancelarlos, borrarlos o bloquearlas. En ning\u00fan caso las cookies recogen informaci\u00f3n de car\u00e1cter personal.<\/h3>\n<\/div><div class=\"fusion-text fusion-text-5\"><h3>4. ARTGUIX\u00c9 garantiza que el servidor que trata los datos personales re\u00fane las preceptivas medidas de seguridad que eviten su p\u00e9rdida o acceso no autorizado. Pudiendo incluso solicitar ARTGUIX\u00c9 a sus usuarios claves de acceso.<\/h3>\n<\/div><div class=\"fusion-text fusion-text-6\"><h3>5. Los servidores del website podr\u00e1n detectar de forma autom\u00e1tica la direcci\u00f3n IP y el nombre de dominio utilizados por el usuario. Toda esta informaci\u00f3n es registrada en un fichero de actividad del servidor debidamente inscrito y que permita su posterior procesamiento de datos con el fin de obtener mediciones exclusivamente estad\u00edsticas que permitan conocer el n\u00famero de impresiones de p\u00e1ginas, visitas realizadas a los servicios web, accesos &#8230;, etc. ARTGUIX\u00c9 puede utilizar cookies cuando un usuario navegue por el website, queda a voluntad del usuario configurar su navegador para el aviso de la recepci\u00f3n y \/ o instalaci\u00f3n de cookies en su ordenador.<\/h3>\n<\/div><div class=\"fusion-text fusion-text-7\"><h3>6. ARTGUIX\u00c9 garanteix que les dades personals dels seus usuaris, llevat requeriment formal d&#8217;autoritat p\u00fablica competent, no seran cedides a tercers sense sol\u00b7licitud de consentiment previ expr\u00e9s, informat i inequ\u00edvoc per a la cessi\u00f3 concreta.<\/h3>\n<\/div><div class=\"fusion-text fusion-text-8\"><h3>7. Los usuarios tendr\u00e1n los derechos de acceso, oposici\u00f3n, rectificaci\u00f3n y cancelaci\u00f3n de los datos personales, conforme a lo regulado en los art\u00edculos 15 a 17 de la LOPD, derechos que se pueden ejercer gratuitamente solicit\u00e1ndolo expresamente con copia del su DNI a trav\u00e9s de correo ordinario a ARTGUIX\u00c9 08172-Sant Cugat del Valles, calle Sant Antoni,\u00a0 24. O a trav\u00e9s del correo electr\u00f3nico <a href=\"mailto:info@artguixe.com\">info@artguixe.com<\/a><\/h3>\n<\/div><div class=\"fusion-clearfix\"><\/div><\/div><\/div><\/div><\/div>\n","protected":false},"excerpt":{"rendered":"","protected":false},"author":1,"featured_media":0,"parent":0,"menu_order":0,"comment_status":"closed","ping_status":"closed","template":"","meta":{"footnotes":""},"class_list":["post-1281","page","type-page","status-publish","hentry"],"yoast_head":"<!-- This site is optimized with the Yoast SEO plugin v26.6 - https:\/\/yoast.com\/wordpress\/plugins\/seo\/ -->\n<title>Privacidad - Art Guixe Barcelona Representants d&#039;Art<\/title>\n<meta name=\"robots\" content=\"index, follow, max-snippet:-1, max-image-preview:large, max-video-preview:-1\" \/>\n<link rel=\"canonical\" href=\"https:\/\/artguixe.com\/es\/privacidad\/\" \/>\n<meta property=\"og:locale\" content=\"es_ES\" \/>\n<meta property=\"og:type\" content=\"article\" \/>\n<meta property=\"og:title\" content=\"Privacidad - Art Guixe Barcelona Representants d&#039;Art\" \/>\n<meta property=\"og:url\" content=\"https:\/\/artguixe.com\/es\/privacidad\/\" \/>\n<meta property=\"og:site_name\" content=\"Art Guixe Barcelona Representants d&#039;Art\" \/>\n<meta property=\"article:modified_time\" content=\"2017-06-08T08:20:13+00:00\" \/>\n<meta name=\"twitter:card\" content=\"summary_large_image\" \/>\n<meta name=\"twitter:label1\" content=\"Tiempo de lectura\" \/>\n\t<meta name=\"twitter:data1\" content=\"3 minutos\" \/>\n<script type=\"application\/ld+json\" class=\"yoast-schema-graph\">{\"@context\":\"https:\/\/schema.org\",\"@graph\":[{\"@type\":\"WebPage\",\"@id\":\"https:\/\/artguixe.com\/es\/privacidad\/\",\"url\":\"https:\/\/artguixe.com\/es\/privacidad\/\",\"name\":\"Privacidad - Art Guixe Barcelona Representants d&#039;Art\",\"isPartOf\":{\"@id\":\"https:\/\/artguixe.com\/#website\"},\"datePublished\":\"2017-06-03T10:00:52+00:00\",\"dateModified\":\"2017-06-08T08:20:13+00:00\",\"breadcrumb\":{\"@id\":\"https:\/\/artguixe.com\/es\/privacidad\/#breadcrumb\"},\"inLanguage\":\"es\",\"potentialAction\":[{\"@type\":\"ReadAction\",\"target\":[\"https:\/\/artguixe.com\/es\/privacidad\/\"]}]},{\"@type\":\"BreadcrumbList\",\"@id\":\"https:\/\/artguixe.com\/es\/privacidad\/#breadcrumb\",\"itemListElement\":[{\"@type\":\"ListItem\",\"position\":1,\"name\":\"Inici\",\"item\":\"https:\/\/artguixe.com\/es\/\"},{\"@type\":\"ListItem\",\"position\":2,\"name\":\"Privacidad\"}]},{\"@type\":\"WebSite\",\"@id\":\"https:\/\/artguixe.com\/#website\",\"url\":\"https:\/\/artguixe.com\/\",\"name\":\"Art Guixe Barcelona Representants d&#039;Art\",\"description\":\"Pintura contempor\u00e0nia heterog\u00e8nia\",\"publisher\":{\"@id\":\"https:\/\/artguixe.com\/#organization\"},\"potentialAction\":[{\"@type\":\"SearchAction\",\"target\":{\"@type\":\"EntryPoint\",\"urlTemplate\":\"https:\/\/artguixe.com\/?s={search_term_string}\"},\"query-input\":{\"@type\":\"PropertyValueSpecification\",\"valueRequired\":true,\"valueName\":\"search_term_string\"}}],\"inLanguage\":\"es\"},{\"@type\":\"Organization\",\"@id\":\"https:\/\/artguixe.com\/#organization\",\"name\":\"Art Guix\u00e9\",\"url\":\"https:\/\/artguixe.com\/\",\"logo\":{\"@type\":\"ImageObject\",\"inLanguage\":\"es\",\"@id\":\"https:\/\/artguixe.com\/#\/schema\/logo\/image\/\",\"url\":\"https:\/\/artguixe.com\/wp-content\/uploads\/2017\/06\/Logo-ArtGixe2.png\",\"contentUrl\":\"https:\/\/artguixe.com\/wp-content\/uploads\/2017\/06\/Logo-ArtGixe2.png\",\"width\":241,\"height\":65,\"caption\":\"Art Guix\u00e9\"},\"image\":{\"@id\":\"https:\/\/artguixe.com\/#\/schema\/logo\/image\/\"}}]}<\/script>\n<!-- \/ Yoast SEO plugin. -->","yoast_head_json":{"title":"Privacidad - Art Guixe Barcelona Representants d&#039;Art","robots":{"index":"index","follow":"follow","max-snippet":"max-snippet:-1","max-image-preview":"max-image-preview:large","max-video-preview":"max-video-preview:-1"},"canonical":"https:\/\/artguixe.com\/es\/privacidad\/","og_locale":"es_ES","og_type":"article","og_title":"Privacidad - Art Guixe Barcelona Representants d&#039;Art","og_url":"https:\/\/artguixe.com\/es\/privacidad\/","og_site_name":"Art Guixe Barcelona Representants d&#039;Art","article_modified_time":"2017-06-08T08:20:13+00:00","twitter_card":"summary_large_image","twitter_misc":{"Tiempo de lectura":"3 minutos"},"schema":{"@context":"https:\/\/schema.org","@graph":[{"@type":"WebPage","@id":"https:\/\/artguixe.com\/es\/privacidad\/","url":"https:\/\/artguixe.com\/es\/privacidad\/","name":"Privacidad - Art Guixe Barcelona Representants d&#039;Art","isPartOf":{"@id":"https:\/\/artguixe.com\/#website"},"datePublished":"2017-06-03T10:00:52+00:00","dateModified":"2017-06-08T08:20:13+00:00","breadcrumb":{"@id":"https:\/\/artguixe.com\/es\/privacidad\/#breadcrumb"},"inLanguage":"es","potentialAction":[{"@type":"ReadAction","target":["https:\/\/artguixe.com\/es\/privacidad\/"]}]},{"@type":"BreadcrumbList","@id":"https:\/\/artguixe.com\/es\/privacidad\/#breadcrumb","itemListElement":[{"@type":"ListItem","position":1,"name":"Inici","item":"https:\/\/artguixe.com\/es\/"},{"@type":"ListItem","position":2,"name":"Privacidad"}]},{"@type":"WebSite","@id":"https:\/\/artguixe.com\/#website","url":"https:\/\/artguixe.com\/","name":"Art Guixe Barcelona Representants d&#039;Art","description":"Pintura contempor\u00e0nia heterog\u00e8nia","publisher":{"@id":"https:\/\/artguixe.com\/#organization"},"potentialAction":[{"@type":"SearchAction","target":{"@type":"EntryPoint","urlTemplate":"https:\/\/artguixe.com\/?s={search_term_string}"},"query-input":{"@type":"PropertyValueSpecification","valueRequired":true,"valueName":"search_term_string"}}],"inLanguage":"es"},{"@type":"Organization","@id":"https:\/\/artguixe.com\/#organization","name":"Art Guix\u00e9","url":"https:\/\/artguixe.com\/","logo":{"@type":"ImageObject","inLanguage":"es","@id":"https:\/\/artguixe.com\/#\/schema\/logo\/image\/","url":"https:\/\/artguixe.com\/wp-content\/uploads\/2017\/06\/Logo-ArtGixe2.png","contentUrl":"https:\/\/artguixe.com\/wp-content\/uploads\/2017\/06\/Logo-ArtGixe2.png","width":241,"height":65,"caption":"Art Guix\u00e9"},"image":{"@id":"https:\/\/artguixe.com\/#\/schema\/logo\/image\/"}}]}},"_links":{"self":[{"href":"https:\/\/artguixe.com\/es\/wp-json\/wp\/v2\/pages\/1281","targetHints":{"allow":["GET"]}}],"collection":[{"href":"https:\/\/artguixe.com\/es\/wp-json\/wp\/v2\/pages"}],"about":[{"href":"https:\/\/artguixe.com\/es\/wp-json\/wp\/v2\/types\/page"}],"author":[{"embeddable":true,"href":"https:\/\/artguixe.com\/es\/wp-json\/wp\/v2\/users\/1"}],"replies":[{"embeddable":true,"href":"https:\/\/artguixe.com\/es\/wp-json\/wp\/v2\/comments?post=1281"}],"version-history":[{"count":11,"href":"https:\/\/artguixe.com\/es\/wp-json\/wp\/v2\/pages\/1281\/revisions"}],"predecessor-version":[{"id":1371,"href":"https:\/\/artguixe.com\/es\/wp-json\/wp\/v2\/pages\/1281\/revisions\/1371"}],"wp:attachment":[{"href":"https:\/\/artguixe.com\/es\/wp-json\/wp\/v2\/media?parent=1281"}],"curies":[{"name":"wp","href":"https:\/\/api.w.org\/{rel}","templated":true}]}}