{"id":1134,"date":"2017-05-30T21:57:55","date_gmt":"2017-05-30T19:57:55","guid":{"rendered":"http:\/\/artguixe.com\/\/avis-legal\/"},"modified":"2017-06-12T19:44:00","modified_gmt":"2017-06-12T17:44:00","slug":"avis-legal","status":"publish","type":"page","link":"https:\/\/artguixe.com\/es\/avis-legal\/","title":{"rendered":"Aviso Legal"},"content":{"rendered":"<div class=\"fusion-fullwidth fullwidth-box fusion-builder-row-1 nonhundred-percent-fullwidth non-hundred-percent-height-scrolling\" style=\"--awb-border-radius-top-left:0px;--awb-border-radius-top-right:0px;--awb-border-radius-bottom-right:0px;--awb-border-radius-bottom-left:0px;--awb-flex-wrap:wrap;\" ><div class=\"fusion-builder-row fusion-row\"><div class=\"fusion-layout-column fusion_builder_column fusion-builder-column-0 fusion_builder_column_1_1 1_1 fusion-one-full fusion-column-first fusion-column-last\" style=\"--awb-bg-size:cover;--awb-margin-bottom:0px;\"><div class=\"fusion-column-wrapper fusion-flex-column-wrapper-legacy\"><div class=\"fusion-text fusion-text-1\"><h1>Aviso Legal<\/h1>\n<\/div><div class=\"fusion-text fusion-text-2\"><h3>ARTGUIX\u00c9, con CIF n\u00fam. 46628294-A y domicilio en 08172 &#8211; Sant Cugat del Vall\u00e9s (Barcelona), calle San Antonio, 24 y tel\u00e9fono de contacto (34) 675 834 026<\/h3>\n<\/div><div class=\"fusion-text fusion-text-3\"><h2><strong>Objeto:<\/strong><\/h2>\n<\/div><div class=\"fusion-text fusion-text-4\"><h3>Cualquier persona que utiliza esta p\u00e1gina web, se atribuye la condici\u00f3n de usuario, aceptando su uso bajo su exclusiva responsabilidad. La presente p\u00e1gina web establece las Condiciones Generales de acceso y uso de esta p\u00e1gina web, condiciones en las que el usuario se somete y acepta.<br \/>\nEl acceso a la web es gratuita y libre, salvo problemas t\u00e9cnicos que puedan ocasionarse por prestaciones de terceros, y de los que ARTGUIX\u00c9 no se hace en ning\u00fan caso responsable.<\/h3>\n<\/div><div class=\"fusion-text fusion-text-5\"><ul>\n<li>\n<h2><strong>Uso de la p\u00e1gina web<\/strong><\/h2>\n<\/li>\n<\/ul>\n<\/div><div class=\"fusion-text fusion-text-6\"><h3>El usuario de la p\u00e1gina web lo har\u00e1 seg\u00fan estas condiciones generales y bajo su exclusiva responsabilidad, sin que pueda \u00e9sta o la informaci\u00f3n en ella contenida ser utilizada para desarrollar actividades contrarias a las leyes, moral y orden p\u00fablico.<br \/>\nTodos los contenidos de la p\u00e1gina web, su dise\u00f1o gr\u00e1fico y su c\u00f3digo fuente son propiedad intelectual de ARTGUIX\u00c9, a menos que se especifique lo contrario. Se proh\u00edbe su reproducci\u00f3n, transformaci\u00f3n, distribuci\u00f3n y comunicaci\u00f3n p\u00fablica o cualquier tipo de utilizaci\u00f3n, en cualquier forma o ARTGUIX\u00c9, o copias para exclusivo uso personal y privado. La vulneraci\u00f3n de estos derechos se castiga en los art\u00edculos 270 y siguientes del C\u00f3digo Penal.<\/h3>\n<\/div><div class=\"fusion-text fusion-text-7\"><h3>El usuario se compromete a no utilizar la informaci\u00f3n puesta a su disposici\u00f3n por ARTGUIX\u00c9 para desarrollar actividades contrarias a las Leyes, moral u orden p\u00fablico y hacer un uso conforme a las presentes condiciones generales.<\/h3>\n<\/div><div class=\"fusion-text fusion-text-8\"><h3>El usuario dispondr\u00e1 y las herramientas y medios adecuados para la detecci\u00f3n y desinfecci\u00f3n de programas inform\u00e1ticos da\u00f1inos. ARTGUIX\u00c9, no se responsabiliza de los da\u00f1os producidos en los equipos inform\u00e1ticos de los usuarios o terceros derivados de la utilizaci\u00f3n de esta p\u00e1gina web.<\/h3>\n<\/div><div class=\"fusion-text fusion-text-9\"><h3>El usuario responder\u00e1 de los da\u00f1os y perjuicios de cualquier naturaleza que ARTGUIX\u00c9 pueda sufrir derivados del incumplimiento de las obligaciones a que se somete seg\u00fan el presente Aviso Legal.<\/h3>\n<\/div><div class=\"fusion-text fusion-text-10\"><h3>ARTGUIX\u00c9 no se responsabiliza de las decisiones que los usuarios tomen a partir de la informaci\u00f3n derivada de la p\u00e1gina web, ni de los da\u00f1os y perjuicios derivados usuarios o terceros \u00fanicamente de la informaci\u00f3n que en la p\u00e1gina figura.<\/h3>\n<\/div><div class=\"fusion-text fusion-text-11\"><h3>Las presentes condiciones de acceso quedan sometidas al ordenamiento jur\u00eddico espa\u00f1ol.<\/h3>\n<\/div><div class=\"fusion-text fusion-text-12\"><h3>ARTGUIX\u00c9 se reserva la facultad de realizar, en cualquier momento y sin necesidad de preaviso, modificaci\u00f3n o actualizaci\u00f3n de los contenidos o servicios, de las presentes disposiciones de acceso y uso y, en general, de cuantos elementos integren el dise\u00f1o y configuraci\u00f3n de su p\u00e1gina web.<\/h3>\n<\/div><div class=\"fusion-text fusion-text-13\"><ul>\n<li>\n<h2><strong>Enlaces de terceros a la p\u00e1gina web:<\/strong><\/h2>\n<\/li>\n<\/ul>\n<\/div><div class=\"fusion-text fusion-text-14\"><h3>La introducci\u00f3n de un link desde la p\u00e1gina web de un usuario en la p\u00e1gina web de ARTGUIX\u00c9, debe obtener previa autorizaci\u00f3n de ARTGUIX\u00c9 solicitada por escrito a la direcci\u00f3n de la empresa y, en todo caso, el link solo vincular\u00e1 con la p\u00e1gina principal.<\/h3>\n<\/div><div class=\"fusion-text fusion-text-15\"><ul>\n<li>\n<h2><strong>Enlaces dentro de la p\u00e1gina web de ARTGUIX\u00c9 a terceros:<\/strong><\/h2>\n<\/li>\n<\/ul>\n<\/div><div class=\"fusion-text fusion-text-16\"><h3>En los casos en que desde la p\u00e1gina web de ARTGUIX\u00c9 se pueda enlazar y acceder a otras p\u00e1ginas o portales de Internet, ARTGUIX\u00c9 act\u00faa como mero prestador de servicios de intermediaci\u00f3n seg\u00fan lo establecido en el art\u00edculo 17 de la Ley 34 \/ 2002 de 11 de julio, de Servicios de la Sociedad de Informaci\u00f3n y Comercio Electr\u00f3nico (LSSI), sin implicar la existencia de acuerdos con los responsables de estas p\u00e1ginas o portales ni ninguna identificaci\u00f3n ARTGUIX\u00c9 con ellos. Tampoco se hace responsable de los da\u00f1os no directamente imputables a ARTGUIX\u00c9 producidos por la calidad de los contenidos o desactualizaci\u00f3n de los enlaces.<\/h3>\n<\/div><div class=\"fusion-text fusion-text-17\"><h3>ARTGUIX\u00c9 no se responsabiliza de los contenidos o servicios suministrados en las direcciones o portales enlazados, salvo conocimiento efectivo de la ilicitud. Los usuarios pueden poner en conocimiento de ARTGUIX\u00c9 posibles contenidos il\u00edcitos o inadecuados, sin que esta comunicaci\u00f3n suponga ninguna obligaci\u00f3n de retirar el correspondiente enlace.<\/h3>\n<\/div><div class=\"fusion-text fusion-text-18\"><ul>\n<li>\n<h2><strong>Propiedad industrial e intelectual:<\/strong><\/h2>\n<\/li>\n<\/ul>\n<\/div><div class=\"fusion-text fusion-text-19\"><h3>El usuario debe respetar siempre los derechos de propiedad industrial e intelectual sobre la p\u00e1gina web.<br \/>\nTodos los contenidos de la p\u00e1gina web son propiedad intelectual de ARTGUIX\u00c9 o, en su caso, de terceros.<br \/>\nLas marcas y nombres comerciales son titularidad exclusiva de ARTGUIX\u00c9.<br \/>\nSe proh\u00edbe expresamente, salvo autorizaci\u00f3n expresa, la cesi\u00f3n (reproducci\u00f3n, transformaci\u00f3n distribuci\u00f3n, comunicaci\u00f3n p\u00fablica, utilizaci\u00f3n de cualquier naturaleza) de los derechos de propiedad intelectual sobre la presente p\u00e1gina web.<\/h3>\n<\/div><div class=\"fusion-text fusion-text-20\"><ul>\n<li>\n<h2><strong>Responsabilidad:<\/strong><\/h2>\n<\/li>\n<\/ul>\n<\/div><div class=\"fusion-text fusion-text-21\"><h3>El usuario responde de los da\u00f1os y perjuicios de cualquier naturaleza que ARTGUIX\u00c9 pueda sufrir como consecuencia del incumplimiento de cualquiera de las obligaciones incluidas en este aviso legal.<\/h3>\n<\/div><div class=\"fusion-text fusion-text-22\"><ul>\n<li>\n<h2><strong>Protecci\u00f3n de datos personales:<\/strong><\/h2>\n<\/li>\n<\/ul>\n<\/div><div class=\"fusion-text fusion-text-23\"><h3>ARTGUIX\u00c9 garantiza el cumplimiento de todas las obligaciones derivadas del art\u00edculo 9 la Ley 15\/1999. de Protecci\u00f3n de Datos de Car\u00e1cter Personal (LOPD) y Reglamento de desarrollo Real Decreto 1720\/2007, de 21 de diciembre.<br \/>\nSe pone a disposici\u00f3n de los usuarios la <strong><a href=\"https:\/\/artguixe.com\/es\/privacidad\/\">Pol\u00edtica de Privacidad<\/a><\/strong> de ARTGUIX\u00c9.<\/h3>\n<\/div><div class=\"fusion-clearfix\"><\/div><\/div><\/div><\/div><\/div>\n","protected":false},"excerpt":{"rendered":"","protected":false},"author":1,"featured_media":0,"parent":0,"menu_order":0,"comment_status":"closed","ping_status":"closed","template":"","meta":{"footnotes":""},"class_list":["post-1134","page","type-page","status-publish","hentry"],"yoast_head":"<!-- This site is optimized with the Yoast SEO plugin v26.6 - https:\/\/yoast.com\/wordpress\/plugins\/seo\/ -->\n<title>Aviso Legal - Art Guixe Barcelona Representants d&#039;Art<\/title>\n<meta name=\"robots\" content=\"index, follow, max-snippet:-1, max-image-preview:large, max-video-preview:-1\" \/>\n<link rel=\"canonical\" href=\"https:\/\/artguixe.com\/es\/avis-legal\/\" \/>\n<meta property=\"og:locale\" content=\"es_ES\" \/>\n<meta property=\"og:type\" content=\"article\" \/>\n<meta property=\"og:title\" content=\"Aviso Legal - Art Guixe Barcelona Representants d&#039;Art\" \/>\n<meta property=\"og:url\" content=\"https:\/\/artguixe.com\/es\/avis-legal\/\" \/>\n<meta property=\"og:site_name\" content=\"Art Guixe Barcelona Representants d&#039;Art\" \/>\n<meta property=\"article:modified_time\" content=\"2017-06-12T17:44:00+00:00\" \/>\n<meta name=\"twitter:card\" content=\"summary_large_image\" \/>\n<meta name=\"twitter:label1\" content=\"Tiempo de lectura\" \/>\n\t<meta name=\"twitter:data1\" content=\"6 minutos\" \/>\n<script type=\"application\/ld+json\" class=\"yoast-schema-graph\">{\"@context\":\"https:\/\/schema.org\",\"@graph\":[{\"@type\":\"WebPage\",\"@id\":\"https:\/\/artguixe.com\/es\/avis-legal\/\",\"url\":\"https:\/\/artguixe.com\/es\/avis-legal\/\",\"name\":\"Aviso Legal - Art Guixe Barcelona Representants d&#039;Art\",\"isPartOf\":{\"@id\":\"https:\/\/artguixe.com\/#website\"},\"datePublished\":\"2017-05-30T19:57:55+00:00\",\"dateModified\":\"2017-06-12T17:44:00+00:00\",\"breadcrumb\":{\"@id\":\"https:\/\/artguixe.com\/es\/avis-legal\/#breadcrumb\"},\"inLanguage\":\"es\",\"potentialAction\":[{\"@type\":\"ReadAction\",\"target\":[\"https:\/\/artguixe.com\/es\/avis-legal\/\"]}]},{\"@type\":\"BreadcrumbList\",\"@id\":\"https:\/\/artguixe.com\/es\/avis-legal\/#breadcrumb\",\"itemListElement\":[{\"@type\":\"ListItem\",\"position\":1,\"name\":\"Inici\",\"item\":\"https:\/\/artguixe.com\/es\/\"},{\"@type\":\"ListItem\",\"position\":2,\"name\":\"Aviso Legal\"}]},{\"@type\":\"WebSite\",\"@id\":\"https:\/\/artguixe.com\/#website\",\"url\":\"https:\/\/artguixe.com\/\",\"name\":\"Art Guixe Barcelona Representants d&#039;Art\",\"description\":\"Pintura contempor\u00e0nia heterog\u00e8nia\",\"publisher\":{\"@id\":\"https:\/\/artguixe.com\/#organization\"},\"potentialAction\":[{\"@type\":\"SearchAction\",\"target\":{\"@type\":\"EntryPoint\",\"urlTemplate\":\"https:\/\/artguixe.com\/?s={search_term_string}\"},\"query-input\":{\"@type\":\"PropertyValueSpecification\",\"valueRequired\":true,\"valueName\":\"search_term_string\"}}],\"inLanguage\":\"es\"},{\"@type\":\"Organization\",\"@id\":\"https:\/\/artguixe.com\/#organization\",\"name\":\"Art Guix\u00e9\",\"url\":\"https:\/\/artguixe.com\/\",\"logo\":{\"@type\":\"ImageObject\",\"inLanguage\":\"es\",\"@id\":\"https:\/\/artguixe.com\/#\/schema\/logo\/image\/\",\"url\":\"https:\/\/artguixe.com\/wp-content\/uploads\/2017\/06\/Logo-ArtGixe2.png\",\"contentUrl\":\"https:\/\/artguixe.com\/wp-content\/uploads\/2017\/06\/Logo-ArtGixe2.png\",\"width\":241,\"height\":65,\"caption\":\"Art Guix\u00e9\"},\"image\":{\"@id\":\"https:\/\/artguixe.com\/#\/schema\/logo\/image\/\"}}]}<\/script>\n<!-- \/ Yoast SEO plugin. -->","yoast_head_json":{"title":"Aviso Legal - Art Guixe Barcelona Representants d&#039;Art","robots":{"index":"index","follow":"follow","max-snippet":"max-snippet:-1","max-image-preview":"max-image-preview:large","max-video-preview":"max-video-preview:-1"},"canonical":"https:\/\/artguixe.com\/es\/avis-legal\/","og_locale":"es_ES","og_type":"article","og_title":"Aviso Legal - Art Guixe Barcelona Representants d&#039;Art","og_url":"https:\/\/artguixe.com\/es\/avis-legal\/","og_site_name":"Art Guixe Barcelona Representants d&#039;Art","article_modified_time":"2017-06-12T17:44:00+00:00","twitter_card":"summary_large_image","twitter_misc":{"Tiempo de lectura":"6 minutos"},"schema":{"@context":"https:\/\/schema.org","@graph":[{"@type":"WebPage","@id":"https:\/\/artguixe.com\/es\/avis-legal\/","url":"https:\/\/artguixe.com\/es\/avis-legal\/","name":"Aviso Legal - Art Guixe Barcelona Representants d&#039;Art","isPartOf":{"@id":"https:\/\/artguixe.com\/#website"},"datePublished":"2017-05-30T19:57:55+00:00","dateModified":"2017-06-12T17:44:00+00:00","breadcrumb":{"@id":"https:\/\/artguixe.com\/es\/avis-legal\/#breadcrumb"},"inLanguage":"es","potentialAction":[{"@type":"ReadAction","target":["https:\/\/artguixe.com\/es\/avis-legal\/"]}]},{"@type":"BreadcrumbList","@id":"https:\/\/artguixe.com\/es\/avis-legal\/#breadcrumb","itemListElement":[{"@type":"ListItem","position":1,"name":"Inici","item":"https:\/\/artguixe.com\/es\/"},{"@type":"ListItem","position":2,"name":"Aviso Legal"}]},{"@type":"WebSite","@id":"https:\/\/artguixe.com\/#website","url":"https:\/\/artguixe.com\/","name":"Art Guixe Barcelona Representants d&#039;Art","description":"Pintura contempor\u00e0nia heterog\u00e8nia","publisher":{"@id":"https:\/\/artguixe.com\/#organization"},"potentialAction":[{"@type":"SearchAction","target":{"@type":"EntryPoint","urlTemplate":"https:\/\/artguixe.com\/?s={search_term_string}"},"query-input":{"@type":"PropertyValueSpecification","valueRequired":true,"valueName":"search_term_string"}}],"inLanguage":"es"},{"@type":"Organization","@id":"https:\/\/artguixe.com\/#organization","name":"Art Guix\u00e9","url":"https:\/\/artguixe.com\/","logo":{"@type":"ImageObject","inLanguage":"es","@id":"https:\/\/artguixe.com\/#\/schema\/logo\/image\/","url":"https:\/\/artguixe.com\/wp-content\/uploads\/2017\/06\/Logo-ArtGixe2.png","contentUrl":"https:\/\/artguixe.com\/wp-content\/uploads\/2017\/06\/Logo-ArtGixe2.png","width":241,"height":65,"caption":"Art Guix\u00e9"},"image":{"@id":"https:\/\/artguixe.com\/#\/schema\/logo\/image\/"}}]}},"_links":{"self":[{"href":"https:\/\/artguixe.com\/es\/wp-json\/wp\/v2\/pages\/1134","targetHints":{"allow":["GET"]}}],"collection":[{"href":"https:\/\/artguixe.com\/es\/wp-json\/wp\/v2\/pages"}],"about":[{"href":"https:\/\/artguixe.com\/es\/wp-json\/wp\/v2\/types\/page"}],"author":[{"embeddable":true,"href":"https:\/\/artguixe.com\/es\/wp-json\/wp\/v2\/users\/1"}],"replies":[{"embeddable":true,"href":"https:\/\/artguixe.com\/es\/wp-json\/wp\/v2\/comments?post=1134"}],"version-history":[{"count":9,"href":"https:\/\/artguixe.com\/es\/wp-json\/wp\/v2\/pages\/1134\/revisions"}],"predecessor-version":[{"id":1318,"href":"https:\/\/artguixe.com\/es\/wp-json\/wp\/v2\/pages\/1134\/revisions\/1318"}],"wp:attachment":[{"href":"https:\/\/artguixe.com\/es\/wp-json\/wp\/v2\/media?parent=1134"}],"curies":[{"name":"wp","href":"https:\/\/api.w.org\/{rel}","templated":true}]}}